{"id":930,"date":"2016-10-08T14:31:07","date_gmt":"2016-10-08T14:31:07","guid":{"rendered":"http:\/\/localhost\/applander\/?page_id=930"},"modified":"2019-03-11T20:01:45","modified_gmt":"2019-03-11T19:01:45","slug":"financements","status":"publish","type":"page","link":"https:\/\/www.pariseavocats.com\/index.php\/financements\/","title":{"rendered":"Financements"},"content":{"rendered":"<p>[vc_row full_width=\u00a0\u00bbstretch_row\u00a0\u00bb overlay_dotted=\u00a0\u00bb\u00a0\u00bb css=\u00a0\u00bb.vc_custom_1497352946999{padding-top: 40px !important;padding-bottom: 0px !important;background-image: url(https:\/\/www.pariseavocats.com\/wp-content\/uploads\/2016\/08\/bandeau1-1.jpg?id=2298) !important;background-position: center !important;background-repeat: no-repeat !important;background-size: cover !important;}\u00a0\u00bb][vc_column width=\u00a0\u00bb1\/2&Prime; animate_duration=\u00a0\u00bb1000&Prime; animate_delay=\u00a0\u00bb300ms\u00a0\u00bb css=\u00a0\u00bb.vc_custom_1497361845076{padding-top: 60px !important;padding-right: 41px !important;padding-bottom: 60px !important;padding-left: 15px !important;}\u00a0\u00bb]<div class=\"section-heading-wrap   vc_custom_1498052119975\"><div class=\"section-heading  redl-heading-69e34e9262929\" >Gr\u00e2ce \u00e0 nos partenariats bancaires, B\u00e9n\u00e9ficiez d'un vrai service pour entreprises<\/div><\/div>[vc_column_text css=\u00a0\u00bb.vc_custom_1497970868515{margin-bottom: 27px !important;}\u00a0\u00bb]<\/p>\n<p class=\"p1\"><span class=\"s1\">Sachant\u00a0que toutes les entreprises sont uniques et ont des besoins financiers diff\u00e9rents, notre \u00e9quipe Corporate &amp; Business Banking, analysera sp\u00e9cifiquement chaque requ\u00eate sur ses propres m\u00e9rites et concevra un montage financier, adapt\u00e9 \u00e0 vos besoins.<\/span><\/p>\n<p>[\/vc_column_text][\/vc_column][vc_column width=\u00a0\u00bb1\/2&Prime; animation_style=\u00a0\u00bbslideInRightShort\u00a0\u00bb animate_duration=\u00a0\u00bb1000&Prime; css=\u00a0\u00bb.vc_custom_1484054265066{padding-right: 41px !important;padding-left: 41px !important;}\u00a0\u00bb]<div class=\"animateblock hide-mobile slideinup  vc_custom_1484635466364\"><\/div>[\/vc_column][\/vc_row][vc_row full_width=\u00a0\u00bbstretch_row\u00a0\u00bb overlay_dotted=\u00a0\u00bb\u00a0\u00bb css=\u00a0\u00bb.vc_custom_1497361275467{padding-top: 40px !important;padding-bottom: 0px !important;background-color: #262626 !important;background-position: center !important;background-repeat: no-repeat !important;background-size: cover !important;}\u00a0\u00bb][vc_column animate_duration=\u00a0\u00bb1000&Prime; animate_delay=\u00a0\u00bb300ms\u00a0\u00bb css=\u00a0\u00bb.vc_custom_1497361914578{padding-top: 60px !important;padding-right: 41px !important;padding-bottom: 60px !important;padding-left: 15px !important;}\u00a0\u00bb][vc_column_text css=\u00a0\u00bb.vc_custom_1497361522574{margin-bottom: 27px !important;}\u00a0\u00bb]<\/p>\n<h4 style=\"text-align: center;\"><span style=\"color: #fff;\">Nos partenaires de la Banque vous offrent des pr\u00eats commerciaux flexibles qui peuvent \u00eatre appliqu\u00e9s \u00e0 diverses exigences en mati\u00e8re de capital d&rsquo;entreprise, de l&rsquo;acquisition de nouveaux locaux pour cr\u00e9er leur propre entreprise, d&rsquo;obtenir des fonds pour d\u00e9velopper leurs activit\u00e9s sur de nouveaux march\u00e9s.<\/span><\/h4>\n<p>[\/vc_column_text][\/vc_column][\/vc_row][vc_row full_width=\u00a0\u00bbstretch_row\u00a0\u00bb overlay_dotted=\u00a0\u00bb\u00a0\u00bb css=\u00a0\u00bb.vc_custom_1497361478992{padding-top: 40px !important;padding-bottom: 0px !important;background-color: #ededed !important;background-position: center !important;background-repeat: no-repeat !important;background-size: cover !important;}\u00a0\u00bb][vc_column animate_duration=\u00a0\u00bb1000&Prime; animate_delay=\u00a0\u00bb300ms\u00a0\u00bb css=\u00a0\u00bb.vc_custom_1497361923835{padding-top: 60px !important;padding-right: 41px !important;padding-bottom: 60px !important;padding-left: 15px !important;}\u00a0\u00bb][vc_column_text css=\u00a0\u00bb.vc_custom_1497969863366{margin-bottom: 27px !important;}\u00a0\u00bb]<\/p>\n<h4 style=\"text-align: center;\">Le Pr\u00eat Commercial peut \u00e9galement \u00eatre fourni en fonction des besoins de votre entreprise.<\/h4>\n<p>[\/vc_column_text][\/vc_column][\/vc_row]<\/p>\n","protected":false},"excerpt":{"rendered":"[vc_row full_width=\u00a0\u00bbstretch_row\u00a0\u00bb overlay_dotted=\u00a0\u00bb\u00a0\u00bb css=\u00a0\u00bb.vc_custom_1497352946999{padding-top: 40px !important;padding-bottom: 0px !important;background-image: url(https:\/\/www.pariseavocats.com\/wp-content\/uploads\/2016\/08\/bandeau1-1.jpg?id=2298) !important;background-position: center !important;background-repeat: no-repeat !important;background-size: cover !important;}\u00a0\u00bb][vc_column width=\u00a0\u00bb1\/2&Prime; animate_duration=\u00a0\u00bb1000&Prime; animate_delay=\u00a0\u00bb300ms\u00a0\u00bb css=\u00a0\u00bb.vc_custom_1497361845076{padding-top: 60px !important;padding-right: 41px !important;padding-bottom: 60px !important;padding-left: 15px !important;}\u00a0\u00bb][vc_column_text css=\u00a0\u00bb.vc_custom_1497970868515{margin-bottom: 27px !important;}\u00a0\u00bb] Sachant\u00a0que toutes les entreprises sont uniques[&#8230;]","protected":false},"author":1,"featured_media":0,"parent":0,"menu_order":0,"comment_status":"closed","ping_status":"closed","template":"","meta":{"footnotes":""},"class_list":["post-930","page","type-page","status-publish","hentry"],"yoast_head":"<!-- This site is optimized with the Yoast SEO plugin v25.6 - https:\/\/yoast.com\/wordpress\/plugins\/seo\/ -->\n<title>Financements - Parise Avocats<\/title>\n<meta name=\"robots\" content=\"index, follow, max-snippet:-1, max-image-preview:large, max-video-preview:-1\" \/>\n<link rel=\"canonical\" href=\"https:\/\/www.pariseavocats.com\/index.php\/financements\/\" \/>\n<meta property=\"og:locale\" content=\"fr_FR\" \/>\n<meta property=\"og:type\" content=\"article\" \/>\n<meta property=\"og:title\" content=\"Financements - Parise Avocats\" \/>\n<meta property=\"og:description\" content=\"[vc_row full_width=\u00a0\u00bbstretch_row\u00a0\u00bb overlay_dotted=\u00a0\u00bb\u00a0\u00bb css=\u00a0\u00bb.vc_custom_1497352946999{padding-top: 40px !important;padding-bottom: 0px !important;background-image: url(https:\/\/www.pariseavocats.com\/wp-content\/uploads\/2016\/08\/bandeau1-1.jpg?id=2298) !important;background-position: center !important;background-repeat: no-repeat !important;background-size: cover !important;}\u00a0\u00bb][vc_column width=\u00a0\u00bb1\/2&Prime; animate_duration=\u00a0\u00bb1000&Prime; animate_delay=\u00a0\u00bb300ms\u00a0\u00bb css=\u00a0\u00bb.vc_custom_1497361845076{padding-top: 60px !important;padding-right: 41px !important;padding-bottom: 60px !important;padding-left: 15px !important;}\u00a0\u00bb][vc_column_text css=\u00a0\u00bb.vc_custom_1497970868515{margin-bottom: 27px !important;}\u00a0\u00bb] Sachant\u00a0que toutes les entreprises sont uniques[...]\" \/>\n<meta property=\"og:url\" content=\"https:\/\/www.pariseavocats.com\/index.php\/financements\/\" \/>\n<meta property=\"og:site_name\" content=\"Parise Avocats\" \/>\n<meta property=\"article:modified_time\" content=\"2019-03-11T19:01:45+00:00\" \/>\n<meta name=\"twitter:card\" content=\"summary_large_image\" \/>\n<meta name=\"twitter:label1\" content=\"Dur\u00e9e de lecture estim\u00e9e\" \/>\n\t<meta name=\"twitter:data1\" content=\"2 minutes\" \/>\n<script type=\"application\/ld+json\" class=\"yoast-schema-graph\">{\"@context\":\"https:\/\/schema.org\",\"@graph\":[{\"@type\":\"WebPage\",\"@id\":\"https:\/\/www.pariseavocats.com\/index.php\/financements\/\",\"url\":\"https:\/\/www.pariseavocats.com\/index.php\/financements\/\",\"name\":\"Financements - Parise Avocats\",\"isPartOf\":{\"@id\":\"https:\/\/www.pariseavocats.com\/#website\"},\"datePublished\":\"2016-10-08T14:31:07+00:00\",\"dateModified\":\"2019-03-11T19:01:45+00:00\",\"breadcrumb\":{\"@id\":\"https:\/\/www.pariseavocats.com\/index.php\/financements\/#breadcrumb\"},\"inLanguage\":\"fr-FR\",\"potentialAction\":[{\"@type\":\"ReadAction\",\"target\":[\"https:\/\/www.pariseavocats.com\/index.php\/financements\/\"]}]},{\"@type\":\"BreadcrumbList\",\"@id\":\"https:\/\/www.pariseavocats.com\/index.php\/financements\/#breadcrumb\",\"itemListElement\":[{\"@type\":\"ListItem\",\"position\":1,\"name\":\"Accueil\",\"item\":\"https:\/\/www.pariseavocats.com\/index.php\/en\/home\/\"},{\"@type\":\"ListItem\",\"position\":2,\"name\":\"Financements\"}]},{\"@type\":\"WebSite\",\"@id\":\"https:\/\/www.pariseavocats.com\/#website\",\"url\":\"https:\/\/www.pariseavocats.com\/\",\"name\":\"Parise Avocats\",\"description\":\"\",\"publisher\":{\"@id\":\"https:\/\/www.pariseavocats.com\/#organization\"},\"potentialAction\":[{\"@type\":\"SearchAction\",\"target\":{\"@type\":\"EntryPoint\",\"urlTemplate\":\"https:\/\/www.pariseavocats.com\/?s={search_term_string}\"},\"query-input\":{\"@type\":\"PropertyValueSpecification\",\"valueRequired\":true,\"valueName\":\"search_term_string\"}}],\"inLanguage\":\"fr-FR\"},{\"@type\":\"Organization\",\"@id\":\"https:\/\/www.pariseavocats.com\/#organization\",\"name\":\"Parise Avocat\",\"url\":\"https:\/\/www.pariseavocats.com\/\",\"logo\":{\"@type\":\"ImageObject\",\"inLanguage\":\"fr-FR\",\"@id\":\"https:\/\/www.pariseavocats.com\/#\/schema\/logo\/image\/\",\"url\":\"https:\/\/www.pariseavocats.com\/wp-content\/uploads\/2017\/06\/LOGO-PARISE-AVOCAT.png\",\"contentUrl\":\"https:\/\/www.pariseavocats.com\/wp-content\/uploads\/2017\/06\/LOGO-PARISE-AVOCAT.png\",\"width\":2571,\"height\":344,\"caption\":\"Parise Avocat\"},\"image\":{\"@id\":\"https:\/\/www.pariseavocats.com\/#\/schema\/logo\/image\/\"}}]}<\/script>\n<!-- \/ Yoast SEO plugin. -->","yoast_head_json":{"title":"Financements - Parise Avocats","robots":{"index":"index","follow":"follow","max-snippet":"max-snippet:-1","max-image-preview":"max-image-preview:large","max-video-preview":"max-video-preview:-1"},"canonical":"https:\/\/www.pariseavocats.com\/index.php\/financements\/","og_locale":"fr_FR","og_type":"article","og_title":"Financements - Parise Avocats","og_description":"[vc_row full_width=\u00a0\u00bbstretch_row\u00a0\u00bb overlay_dotted=\u00a0\u00bb\u00a0\u00bb css=\u00a0\u00bb.vc_custom_1497352946999{padding-top: 40px !important;padding-bottom: 0px !important;background-image: url(https:\/\/www.pariseavocats.com\/wp-content\/uploads\/2016\/08\/bandeau1-1.jpg?id=2298) !important;background-position: center !important;background-repeat: no-repeat !important;background-size: cover !important;}\u00a0\u00bb][vc_column width=\u00a0\u00bb1\/2&Prime; animate_duration=\u00a0\u00bb1000&Prime; animate_delay=\u00a0\u00bb300ms\u00a0\u00bb css=\u00a0\u00bb.vc_custom_1497361845076{padding-top: 60px !important;padding-right: 41px !important;padding-bottom: 60px !important;padding-left: 15px !important;}\u00a0\u00bb][vc_column_text css=\u00a0\u00bb.vc_custom_1497970868515{margin-bottom: 27px !important;}\u00a0\u00bb] Sachant\u00a0que toutes les entreprises sont uniques[...]","og_url":"https:\/\/www.pariseavocats.com\/index.php\/financements\/","og_site_name":"Parise Avocats","article_modified_time":"2019-03-11T19:01:45+00:00","twitter_card":"summary_large_image","twitter_misc":{"Dur\u00e9e de lecture estim\u00e9e":"2 minutes"},"schema":{"@context":"https:\/\/schema.org","@graph":[{"@type":"WebPage","@id":"https:\/\/www.pariseavocats.com\/index.php\/financements\/","url":"https:\/\/www.pariseavocats.com\/index.php\/financements\/","name":"Financements - Parise Avocats","isPartOf":{"@id":"https:\/\/www.pariseavocats.com\/#website"},"datePublished":"2016-10-08T14:31:07+00:00","dateModified":"2019-03-11T19:01:45+00:00","breadcrumb":{"@id":"https:\/\/www.pariseavocats.com\/index.php\/financements\/#breadcrumb"},"inLanguage":"fr-FR","potentialAction":[{"@type":"ReadAction","target":["https:\/\/www.pariseavocats.com\/index.php\/financements\/"]}]},{"@type":"BreadcrumbList","@id":"https:\/\/www.pariseavocats.com\/index.php\/financements\/#breadcrumb","itemListElement":[{"@type":"ListItem","position":1,"name":"Accueil","item":"https:\/\/www.pariseavocats.com\/index.php\/en\/home\/"},{"@type":"ListItem","position":2,"name":"Financements"}]},{"@type":"WebSite","@id":"https:\/\/www.pariseavocats.com\/#website","url":"https:\/\/www.pariseavocats.com\/","name":"Parise Avocats","description":"","publisher":{"@id":"https:\/\/www.pariseavocats.com\/#organization"},"potentialAction":[{"@type":"SearchAction","target":{"@type":"EntryPoint","urlTemplate":"https:\/\/www.pariseavocats.com\/?s={search_term_string}"},"query-input":{"@type":"PropertyValueSpecification","valueRequired":true,"valueName":"search_term_string"}}],"inLanguage":"fr-FR"},{"@type":"Organization","@id":"https:\/\/www.pariseavocats.com\/#organization","name":"Parise Avocat","url":"https:\/\/www.pariseavocats.com\/","logo":{"@type":"ImageObject","inLanguage":"fr-FR","@id":"https:\/\/www.pariseavocats.com\/#\/schema\/logo\/image\/","url":"https:\/\/www.pariseavocats.com\/wp-content\/uploads\/2017\/06\/LOGO-PARISE-AVOCAT.png","contentUrl":"https:\/\/www.pariseavocats.com\/wp-content\/uploads\/2017\/06\/LOGO-PARISE-AVOCAT.png","width":2571,"height":344,"caption":"Parise Avocat"},"image":{"@id":"https:\/\/www.pariseavocats.com\/#\/schema\/logo\/image\/"}}]}},"_links":{"self":[{"href":"https:\/\/www.pariseavocats.com\/index.php\/wp-json\/wp\/v2\/pages\/930"}],"collection":[{"href":"https:\/\/www.pariseavocats.com\/index.php\/wp-json\/wp\/v2\/pages"}],"about":[{"href":"https:\/\/www.pariseavocats.com\/index.php\/wp-json\/wp\/v2\/types\/page"}],"author":[{"embeddable":true,"href":"https:\/\/www.pariseavocats.com\/index.php\/wp-json\/wp\/v2\/users\/1"}],"replies":[{"embeddable":true,"href":"https:\/\/www.pariseavocats.com\/index.php\/wp-json\/wp\/v2\/comments?post=930"}],"version-history":[{"count":21,"href":"https:\/\/www.pariseavocats.com\/index.php\/wp-json\/wp\/v2\/pages\/930\/revisions"}],"predecessor-version":[{"id":3030,"href":"https:\/\/www.pariseavocats.com\/index.php\/wp-json\/wp\/v2\/pages\/930\/revisions\/3030"}],"wp:attachment":[{"href":"https:\/\/www.pariseavocats.com\/index.php\/wp-json\/wp\/v2\/media?parent=930"}],"curies":[{"name":"wp","href":"https:\/\/api.w.org\/{rel}","templated":true}]}}