{"id":3307,"date":"2017-09-11T11:40:32","date_gmt":"2017-09-11T09:40:32","guid":{"rendered":"https:\/\/www.pariseavocats.com\/?page_id=3307"},"modified":"2024-11-20T19:21:39","modified_gmt":"2024-11-20T18:21:39","slug":"accueil","status":"publish","type":"page","link":"https:\/\/www.pariseavocats.com\/","title":{"rendered":"Accueil"},"content":{"rendered":"<p>[vc_row full_width=\u00a0\u00bbstretch_row\u00a0\u00bb overlay_dotted=\u00a0\u00bb\u00a0\u00bb css=\u00a0\u00bb.vc_custom_1497352946999{padding-top: 40px !important;padding-bottom: 0px !important;background-image: url(https:\/\/www.pariseavocats.com\/wp-content\/uploads\/2016\/08\/bandeau1-1.jpg?id=2298) !important;background-position: center !important;background-repeat: no-repeat !important;background-size: cover !important;}\u00a0\u00bb][vc_column width=\u00a0\u00bb1\/2&Prime; animate_duration=\u00a0\u00bb1000&Prime; animate_delay=\u00a0\u00bb300ms\u00a0\u00bb css=\u00a0\u00bb.vc_custom_1497351838699{padding-top: 40px !important;padding-right: 41px !important;padding-bottom: 40px !important;padding-left: 15px !important;}\u00a0\u00bb]<div class=\"section-heading-wrap   vc_custom_1497361095653\"><div class=\"section-heading  redl-heading-69f1ea97547d6\" >SERVICES DE PR\u00caTS<\/div><\/div>[vc_column_text css=\u00a0\u00bb.vc_custom_1504612202285{margin-bottom: 27px !important;}\u00a0\u00bb]Sachant\u00a0que toutes les entreprises sont uniques et ont des besoins financiers diff\u00e9rents, notre cabinet d&rsquo;Avocats International Corporate &amp; Business Banking , analysera sp\u00e9cifiquement chaque requ\u00eate sur ses propres m\u00e9rites et concevra un montage financier, adapt\u00e9 \u00e0 vos besoins.[\/vc_column_text]<a class=\"redl-btn  redl-btn-border redl-btn-two  vc_custom_1505577007218 redl-btn-medium redl-btn-69f1ea9754801 btn-hover-one btn-icon-left \" href=\"https:\/\/www.pariseavocats.com\/index.php\/financements\/\">En savoir +<\/a>[\/vc_column][vc_column width=\u00a0\u00bb1\/2&Prime; animation_style=\u00a0\u00bbslideInRightShort\u00a0\u00bb animate_duration=\u00a0\u00bb1000&Prime; css=\u00a0\u00bb.vc_custom_1484054265066{padding-right: 41px !important;padding-left: 41px !important;}\u00a0\u00bb]<div class=\"animateblock hide-mobile slideinup  vc_custom_1732126893405\"><\/div>[\/vc_column][\/vc_row][vc_row full_width=\u00a0\u00bbstretch_row\u00a0\u00bb overlay_dotted=\u00a0\u00bb\u00a0\u00bb css=\u00a0\u00bb.vc_custom_1732126530720{padding-top: 40px !important;padding-bottom: 0px !important;background-color: #f5f3eb !important;background-position: center !important;background-repeat: no-repeat !important;background-size: cover !important;}\u00a0\u00bb][vc_column width=\u00a0\u00bb1\/2&Prime; animate_duration=\u00a0\u00bb1000&Prime; animate_delay=\u00a0\u00bb300ms\u00a0\u00bb css=\u00a0\u00bb.vc_custom_1497351838699{padding-top: 40px !important;padding-right: 41px !important;padding-bottom: 40px !important;padding-left: 15px !important;}\u00a0\u00bb][vc_single_image image=\u00a0\u00bb3528&Prime; img_size=\u00a0\u00bbmedium\u00a0\u00bb]<div class=\"section-heading-wrap   vc_custom_1732126832350\"><div class=\"section-heading  redl-heading-69f1ea975483d\" >Pythagore Kredit<\/div><\/div>[vc_column_text css=\u00a0\u00bb.vc_custom_1732126338091{margin-bottom: 27px !important;}\u00a0\u00bb]Nous sommes fiers de collaborer avec <a href=\"https:\/\/www.pythagorekredit.com\/\"><em>Pythagore Kredit<\/em><\/a>, expert en solutions de caution et de garantie financi\u00e8re. Leur expertise accompagne entreprises et particuliers dans leurs projets en offrant des solutions fiables et sur mesure. Une alliance strat\u00e9gique au service de vos ambitions.[\/vc_column_text]<a class=\"redl-btn  redl-btn-border redl-btn-two  vc_custom_1732126392940 redl-btn-medium redl-btn-69f1ea9754852 btn-hover-one btn-icon-left \" href=\"https:\/\/www.pythagorekredit.com\/\" target=\"_blank\">Pythagore Kredit<\/a>[\/vc_column][vc_column width=\u00a0\u00bb1\/2&Prime; animation_style=\u00a0\u00bbslideInRightShort\u00a0\u00bb animate_duration=\u00a0\u00bb1000&Prime; css=\u00a0\u00bb.vc_custom_1484054265066{padding-right: 41px !important;padding-left: 41px !important;}\u00a0\u00bb]<div class=\"animateblock hide-mobile slideinup  vc_custom_1484635466364\"><\/div>[\/vc_column][\/vc_row][vc_row full_width=\u00a0\u00bbstretch_row\u00a0\u00bb overlay_dotted=\u00a0\u00bb\u00a0\u00bb css=\u00a0\u00bb.vc_custom_1497353545663{padding-top: 40px !important;padding-bottom: 0px !important;background-image: url(https:\/\/www.pariseavocats.com\/wp-content\/uploads\/2016\/08\/Bandeau4.jpg?id=2303) !important;background-position: center !important;background-repeat: no-repeat !important;background-size: cover !important;}\u00a0\u00bb][vc_column width=\u00a0\u00bb1\/2&Prime; animate_duration=\u00a0\u00bb1000&Prime; animate_delay=\u00a0\u00bb300ms\u00a0\u00bb css=\u00a0\u00bb.vc_custom_1497351853930{padding-top: 40px !important;padding-right: 41px !important;padding-bottom: 40px !important;padding-left: 15px !important;}\u00a0\u00bb]<div class=\"section-heading-wrap   vc_custom_1497353276191\"><div class=\"section-heading  redl-heading-69f1ea975488e\" >DROIT DES AFFAIRES<\/div><\/div>[vc_column_text css=\u00a0\u00bb.vc_custom_1504612316661{margin-bottom: 27px !important;}\u00a0\u00bb]<span style=\"color: #fff;\">L\u2019activit\u00e9 transactionnelle est un \u00e9l\u00e9ment essentiel du d\u00e9veloppement de Parise Avocat, Cabinet d&rsquo;Avocats International depuis plus de trente ans.<\/span><\/p>\n<p><span style=\"color: #fff;\">Nous conseillons les entreprises multinationales sur les incidences fiscales et p\u00e9nales de leurs op\u00e9rations et nous op\u00e9rons \u00e9galement dans le contexte des ajustements, des r\u00e9gularisations fiscales ou des litiges sur un plan p\u00e9nal.<br \/>\n<\/span>[\/vc_column_text]<a class=\"redl-btn  redl-btn-border redl-btn-one  vc_custom_1505577039435 redl-btn-medium redl-btn-69f1ea97548a2 btn-hover-one btn-icon-left \" href=\"https:\/\/www.pariseavocats.com\/index.php\/droit-des-affaires\/\">En savoir +<\/a>[\/vc_column][vc_column width=\u00a0\u00bb1\/2&Prime; animation_style=\u00a0\u00bbslideInRightShort\u00a0\u00bb animate_duration=\u00a0\u00bb1000&Prime; css=\u00a0\u00bb.vc_custom_1484054265066{padding-right: 41px !important;padding-left: 41px !important;}\u00a0\u00bb]<div class=\"animateblock hide-mobile slideinup  vc_custom_1484635466364\"><\/div>[\/vc_column][\/vc_row][vc_row full_width=\u00a0\u00bbstretch_row\u00a0\u00bb overlay_dotted=\u00a0\u00bb\u00a0\u00bb css=\u00a0\u00bb.vc_custom_1497354784672{padding-top: 40px !important;padding-bottom: 0px !important;background-image: url(https:\/\/www.pariseavocats.com\/wp-content\/uploads\/2016\/08\/bandeau5.jpg?id=2312) !important;background-position: center !important;background-repeat: no-repeat !important;background-size: cover !important;}\u00a0\u00bb][vc_column width=\u00a0\u00bb1\/2&Prime; animate_duration=\u00a0\u00bb1000&Prime; animate_delay=\u00a0\u00bb300ms\u00a0\u00bb css=\u00a0\u00bb.vc_custom_1497351864059{padding-top: 40px !important;padding-right: 41px !important;padding-bottom: 40px !important;padding-left: 15px !important;}\u00a0\u00bb]<div class=\"section-heading-wrap   vc_custom_1497351163519\"><div class=\"section-heading  redl-heading-69f1ea97548cb\" >FINANCEMENT COMMERCIAL<\/div><\/div>[vc_column_text css=\u00a0\u00bb.vc_custom_1497969619428{margin-bottom: 27px !important;}\u00a0\u00bb]<\/p>\n<p class=\"p1\"><span class=\"s1\">Nos Avocats sp\u00e9cialis\u00e9s vous aideront \u00e0 mettre en place des instruments de commerce pour financer vos ventes internationales.<\/span><\/p>\n<p class=\"p1\"><span class=\"s1\">Ces services sont ax\u00e9s sur la simplicit\u00e9 et l\u2019efficacit\u00e9. Nous travaillons avec des Banques sp\u00e9cialis\u00e9es.<br \/>\n<\/span><\/p>\n<p>[\/vc_column_text]<a class=\"redl-btn  redl-btn-border redl-btn-two  vc_custom_1505577068593 redl-btn-medium redl-btn-69f1ea97548e0 btn-hover-one btn-icon-left \" href=\"https:\/\/www.pariseavocats.com\/index.php\/financial-services\/\">En savoir +<\/a>[\/vc_column][vc_column width=\u00a0\u00bb1\/2&Prime; animation_style=\u00a0\u00bbslideInRightShort\u00a0\u00bb animate_duration=\u00a0\u00bb1000&Prime; css=\u00a0\u00bb.vc_custom_1484054265066{padding-right: 41px !important;padding-left: 41px !important;}\u00a0\u00bb]<div class=\"animateblock hide-mobile slideinup  vc_custom_1484635466364\"><\/div>[\/vc_column][\/vc_row][vc_row full_width=\u00a0\u00bbstretch_row\u00a0\u00bb overlay_dotted=\u00a0\u00bb\u00a0\u00bb css=\u00a0\u00bb.vc_custom_1497357621415{padding-top: 40px !important;padding-bottom: 0px !important;background-image: url(https:\/\/www.pariseavocats.com\/wp-content\/uploads\/2016\/08\/bandeau7.jpg?id=2334) !important;background-position: center !important;background-repeat: no-repeat !important;background-size: cover !important;}\u00a0\u00bb][vc_column width=\u00a0\u00bb1\/2&Prime; animate_duration=\u00a0\u00bb1000&Prime; animate_delay=\u00a0\u00bb300ms\u00a0\u00bb css=\u00a0\u00bb.vc_custom_1497351896860{padding-top: 40px !important;padding-right: 41px !important;padding-bottom: 40px !important;padding-left: 15px !important;}\u00a0\u00bb]<div class=\"section-heading-wrap   vc_custom_1497355243043\"><div class=\"section-heading  redl-heading-69f1ea9754909\" >NOS PARTENAIRES <\/div><\/div>[vc_column_text css=\u00a0\u00bb.vc_custom_1497969684093{margin-bottom: 27px !important;}\u00a0\u00bb]<span style=\"color: #fff;\">L\u2019association avec Haworth et Lexon \u00e0 Shanghai, HongKong et avec Me Thierry Afschrift, nous ont conduits \u00e0 une association internationale.<br \/>\n<\/span>[\/vc_column_text][vc_row_inner equal_height=\u00a0\u00bbyes\u00a0\u00bb content_placement=\u00a0\u00bbmiddle\u00a0\u00bb gap=\u00a0\u00bb20&Prime;][vc_column_inner width=\u00a0\u00bb1\/3&Prime; text_alignment=\u00a0\u00bbtext-center\u00a0\u00bb css=\u00a0\u00bb.vc_custom_1497521837532{padding-top: 20px !important;padding-right: 20px !important;padding-left: 20px !important;background-color: rgba(255,255,255,0.06) !important;*background-color: rgb(255,255,255) !important;border-radius: 2px !important;}\u00a0\u00bb][vc_single_image image=\u00a0\u00bb2499&Prime; img_size=\u00a0\u00bb150&#215;40&Prime; alignment=\u00a0\u00bbcenter\u00a0\u00bb onclick=\u00a0\u00bbcustom_link\u00a0\u00bb img_link_target=\u00a0\u00bb_blank\u00a0\u00bb link=\u00a0\u00bbhttp:\/\/www.afschrift.com\/\u00a0\u00bb][\/vc_column_inner][vc_column_inner width=\u00a0\u00bb1\/3&Prime; text_alignment=\u00a0\u00bbtext-center\u00a0\u00bb css=\u00a0\u00bb.vc_custom_1497521845736{padding-top: 20px !important;padding-right: 20px !important;padding-left: 20px !important;background-color: rgba(255,255,255,0.06) !important;*background-color: rgb(255,255,255) !important;}\u00a0\u00bb][vc_single_image image=\u00a0\u00bb2500&Prime; img_size=\u00a0\u00bb150&#215;75&Prime; alignment=\u00a0\u00bbcenter\u00a0\u00bb onclick=\u00a0\u00bbcustom_link\u00a0\u00bb img_link_target=\u00a0\u00bb_blank\u00a0\u00bb link=\u00a0\u00bbhttp:\/\/www.hllawyers.com\/\u00a0\u00bb][\/vc_column_inner][vc_column_inner width=\u00a0\u00bb1\/3&Prime; text_alignment=\u00a0\u00bbtext-center\u00a0\u00bb css=\u00a0\u00bb.vc_custom_1497521856056{padding-top: 20px !important;padding-right: 20px !important;padding-left: 20px !important;background-color: rgba(255,255,255,0.06) !important;*background-color: rgb(255,255,255) !important;}\u00a0\u00bb][vc_single_image image=\u00a0\u00bb2505&Prime; img_size=\u00a0\u00bb100&#215;100&Prime; alignment=\u00a0\u00bbcenter\u00a0\u00bb onclick=\u00a0\u00bbcustom_link\u00a0\u00bb img_link_target=\u00a0\u00bb_blank\u00a0\u00bb link=\u00a0\u00bbhttp:\/\/www.ahllegal.com\/zh\/\u00a0\u00bb][\/vc_column_inner][\/vc_row_inner][\/vc_column][vc_column width=\u00a0\u00bb1\/2&Prime; animation_style=\u00a0\u00bbslideInRightShort\u00a0\u00bb animate_duration=\u00a0\u00bb1000&Prime; css=\u00a0\u00bb.vc_custom_1484054265066{padding-right: 41px !important;padding-left: 41px !important;}\u00a0\u00bb]<div class=\"animateblock hide-mobile slideinup  vc_custom_1484635466364\"><\/div>[\/vc_column][\/vc_row][vc_row full_width=\u00a0\u00bbstretch_row\u00a0\u00bb content_placement=\u00a0\u00bbtop\u00a0\u00bb css=\u00a0\u00bb.vc_custom_1497357233780{background-color: #191919 !important;}\u00a0\u00bb][vc_column css=\u00a0\u00bb.vc_custom_1497365791099{padding-top: 40px !important;padding-bottom: 40px !important;}\u00a0\u00bb][vc_column_text css=\u00a0\u00bb.vc_custom_1504694066255{margin-bottom: 27px !important;padding-top: 40px !important;}\u00a0\u00bb]<\/p>\n<h2><span style=\"color: #777777;\">Notre Cabinet d\u2019Avocats International, propose des services complets avec ses si\u00e8ges \u00e0 Fribourg, Rome et \u00e0 Hong Kong. Nos avocats pratiquent dans les domaines suivants :<br \/>\n<\/span><\/h2>\n<p>[\/vc_column_text][vc_row_inner content_placement=\u00a0\u00bbtop\u00a0\u00bb][vc_column_inner width=\u00a0\u00bb1\/4&Prime;][vc_column_text css=\u00a0\u00bb.vc_custom_1504694025573{margin-bottom: 27px !important;}\u00a0\u00bb]<span style=\"color: #777777;\"><br \/>\nLa mise en oeuvre de solutions financi\u00e8res commerciales et de d\u00e9veloppement.<br \/>\nDans notre cabinet, vous pourrez \u00eatre s\u00fbr de notre d\u00e9vouement \u00e0 trouver des solutions innovantes pour tous vos besoins juridiques.<br \/>\n<\/span>[\/vc_column_text][\/vc_column_inner][vc_column_inner width=\u00a0\u00bb1\/4&Prime;][vc_column_text css=\u00a0\u00bb.vc_custom_1504694036196{margin-bottom: 27px !important;}\u00a0\u00bb]<span style=\"color: #777777;\"><br \/>\nL\u2019Association avec Haworth et Lexon, dans la perspective de l\u2019internationalisation pour offrir des services mondiaux, cela a finalement conduit \u00e0 la formation d\u2019une association internationale.<br \/>\n<\/span>[\/vc_column_text][\/vc_column_inner][vc_column_inner width=\u00a0\u00bb1\/4&Prime;][vc_column_text css=\u00a0\u00bb.vc_custom_1504694045945{margin-bottom: 27px !important;}\u00a0\u00bb]<span style=\"color: #777777;\"><br \/>\nLe Cabinet : Haworth &amp; Lexon Lawyers Group est actuellement un Cabinet d\u2019Avocats international progressif qui compte sept bureaux dans la r\u00e9gion Asie-Pacifique, dont Shanghai, P\u00e9kin, Chongqing, Sydney, Campise, Melbourne et Hong Kong.<br \/>\n<\/span>[\/vc_column_text][\/vc_column_inner][vc_column_inner width=\u00a0\u00bb1\/4&Prime;][vc_column_text css=\u00a0\u00bb.vc_custom_1504694055534{margin-bottom: 27px !important;}\u00a0\u00bb]<span style=\"color: #777777;\"><br \/>\nEn outre, le groupe a des bureaux associ\u00e9s en Europe et aux Etats-Unis, Haworth et Lexon Lawyers est fortement recommand\u00e9 par The Legal 500 Asia Pacific chaque ann\u00e9e depuis 2004.<br \/>\n<\/span>[\/vc_column_text][\/vc_column_inner][\/vc_row_inner][vc_column_text css=\u00a0\u00bb.vc_custom_1504694103993{margin-bottom: 27px !important;padding-top: 20px !important;}\u00a0\u00bb]<span style=\"color: #777777;\">En 2009, Haworth et Lexon Lawyers a \u00e9t\u00e9 d\u00e9cern\u00e9 comme \u201cShanghai Excellent Law Firm\u201d de l\u2019Association Shanghai Bar<\/span>[\/vc_column_text][\/vc_column][\/vc_row][vc_row full_width=\u00a0\u00bbstretch_row_content\u00a0\u00bb equal_height=\u00a0\u00bbyes\u00a0\u00bb disable_element=\u00a0\u00bbyes\u00a0\u00bb css=\u00a0\u00bb.vc_custom_1538910960502{background-color: #232323 !important;}\u00a0\u00bb][vc_column width=\u00a0\u00bb1\/2&Prime; text_alignment=\u00a0\u00bbtext-center\u00a0\u00bb css=\u00a0\u00bb.vc_custom_1504705508350{padding-top: 60px !important;padding-bottom: 40px !important;background-image: url(https:\/\/www.pariseavocats.com\/wp-content\/uploads\/2017\/07\/bannie\u0300re-e-ecompanies.png?id=3147) !important;background-position: center !important;background-repeat: no-repeat !important;background-size: cover !important;}\u00a0\u00bb][vc_raw_html]JTNDcCUyMHN0eWxlJTNEJTIydGV4dC1hbGlnbiUzQSUyMGNlbnRlciUzQiUyMiUzRSUzQ2ltZyUyMHdpZHRoJTNEJTIyMTUwJTIyJTIwc3JjJTNEJTIyaHR0cHMlM0ElMkYlMkZ3d3cucGFyaXNlYXZvY2F0LmNvbSUyRndwLWNvbnRlbnQlMkZ1cGxvYWRzJTJGMjAxNyUyRjA5JTJGbG9nby1lY29tcGFuaWVzLXdoaXRlLnBuZyUyMiUyRiUzRSUzQyUyRnAlM0U=[\/vc_raw_html][vc_column_text css=\u00a0\u00bb.vc_custom_1504705782159{margin-bottom: 0px !important;padding-bottom: 40px !important;}\u00a0\u00bb]<\/p>\n<h2 style=\"text-align: center;\"><span style=\"color: #fff; text-align: center;\">Constituez votre Soci\u00e9t\u00e9 en ligne<br \/>\nDans la juridiction de votre choix<br \/>\n<\/span><\/h2>\n<p>[\/vc_column_text]<a class=\"redl-btn  redl-btn-border redl-btn-one  vc_custom_1504705829263 redl-btn-medium redl-btn-69f1ea9754926 btn-hover-one btn-icon-left \" href=\"https:\/\/e-companies.online\/\">En savoir +<\/a>[\/vc_column][vc_column width=\u00a0\u00bb1\/2&Prime; text_alignment=\u00a0\u00bbtext-center\u00a0\u00bb css=\u00a0\u00bb.vc_custom_1504705743050{padding-top: 60px !important;padding-bottom: 40px !important;background-image: url(https:\/\/www.pariseavocats.com\/wp-content\/uploads\/2017\/07\/bannie\u0300re-e-compte.png?id=3149) !important;background-position: center !important;background-repeat: no-repeat !important;background-size: cover !important;}\u00a0\u00bb][vc_raw_html]JTNDcCUyMHN0eWxlJTNEJTIydGV4dC1hbGlnbiUzQSUyMGNlbnRlciUzQiUyMiUzRSUzQ2ltZyUyMHdpZHRoJTNEJTIyMTAwJTIyJTIwc3JjJTNEJTIyaHR0cHMlM0ElMkYlMkZ3d3cucGFyaXNlYXZvY2F0LmNvbSUyRndwLWNvbnRlbnQlMkZ1cGxvYWRzJTJGMjAxNyUyRjA5JTJGbG9nb2Vjb21wdGV3aGl0ZS5wbmclMjIlMjAlMkYlM0UlM0MlMkZwJTNF[\/vc_raw_html][vc_column_text css=\u00a0\u00bb.vc_custom_1504705793596{margin-bottom: 0px !important;padding-bottom: 40px !important;}\u00a0\u00bb]<\/p>\n<h2 style=\"text-align: center;\"><span style=\"color: #fff; text-align: center;\">Un compte pour tout g\u00e9rer<br \/>\nCon\u00e7u pour vous accompagner partout<br \/>\n<\/span><\/h2>\n<p>[\/vc_column_text]<a class=\"redl-btn  redl-btn-border redl-btn-one  vc_custom_1504705811042 redl-btn-medium redl-btn-69f1ea9754935 btn-hover-one btn-icon-left \" href=\"https:\/\/e-compte.com\/\">En savoir +<\/a>[\/vc_column][\/vc_row]<\/p>\n","protected":false},"excerpt":{"rendered":"[vc_row full_width=\u00a0\u00bbstretch_row\u00a0\u00bb overlay_dotted=\u00a0\u00bb\u00a0\u00bb css=\u00a0\u00bb.vc_custom_1497352946999{padding-top: 40px !important;padding-bottom: 0px !important;background-image: url(https:\/\/www.pariseavocats.com\/wp-content\/uploads\/2016\/08\/bandeau1-1.jpg?id=2298) !important;background-position: center !important;background-repeat: no-repeat !important;background-size: cover !important;}\u00a0\u00bb][vc_column width=\u00a0\u00bb1\/2&Prime; animate_duration=\u00a0\u00bb1000&Prime; animate_delay=\u00a0\u00bb300ms\u00a0\u00bb css=\u00a0\u00bb.vc_custom_1497351838699{padding-top: 40px !important;padding-right: 41px !important;padding-bottom: 40px !important;padding-left: 15px !important;}\u00a0\u00bb][vc_column_text css=\u00a0\u00bb.vc_custom_1504612202285{margin-bottom: 27px !important;}\u00a0\u00bb]Sachant\u00a0que toutes les entreprises sont uniques et[&#8230;]","protected":false},"author":1,"featured_media":0,"parent":0,"menu_order":0,"comment_status":"closed","ping_status":"closed","template":"","meta":{"footnotes":""},"class_list":["post-3307","page","type-page","status-publish","hentry"],"yoast_head":"<!-- This site is optimized with the Yoast SEO plugin v25.6 - https:\/\/yoast.com\/wordpress\/plugins\/seo\/ -->\n<title>Parise Avocat | Cabinet d&#039;Avocats International, de Fribourg \u00e0 Hong Kong<\/title>\n<meta name=\"description\" content=\"Notre Cabinet d&quot;Avocats International vous propose un service complet et un accompagnement sur mesure : mise en place, suivi et d\u00e9veloppement.\" \/>\n<meta name=\"robots\" content=\"index, follow, max-snippet:-1, max-image-preview:large, max-video-preview:-1\" \/>\n<link rel=\"canonical\" href=\"https:\/\/www.pariseavocats.com\/\" \/>\n<meta property=\"og:locale\" content=\"fr_FR\" \/>\n<meta property=\"og:type\" content=\"article\" \/>\n<meta property=\"og:title\" content=\"Parise Avocat | Cabinet d&#039;Avocats International, de Fribourg \u00e0 Hong Kong\" \/>\n<meta property=\"og:description\" content=\"Notre Cabinet d&quot;Avocats International vous propose un service complet et un accompagnement sur mesure : mise en place, suivi et d\u00e9veloppement.\" \/>\n<meta property=\"og:url\" content=\"https:\/\/www.pariseavocats.com\/\" \/>\n<meta property=\"og:site_name\" content=\"Parise Avocats\" \/>\n<meta property=\"article:modified_time\" content=\"2024-11-20T18:21:39+00:00\" \/>\n<meta name=\"twitter:card\" content=\"summary_large_image\" \/>\n<meta name=\"twitter:label1\" content=\"Dur\u00e9e de lecture estim\u00e9e\" \/>\n\t<meta name=\"twitter:data1\" content=\"5 minutes\" \/>\n<script type=\"application\/ld+json\" class=\"yoast-schema-graph\">{\"@context\":\"https:\/\/schema.org\",\"@graph\":[{\"@type\":\"WebPage\",\"@id\":\"https:\/\/www.pariseavocats.com\/\",\"url\":\"https:\/\/www.pariseavocats.com\/\",\"name\":\"Parise Avocat | Cabinet d'Avocats International, de Fribourg \u00e0 Hong Kong\",\"isPartOf\":{\"@id\":\"https:\/\/www.pariseavocats.com\/#website\"},\"datePublished\":\"2017-09-11T09:40:32+00:00\",\"dateModified\":\"2024-11-20T18:21:39+00:00\",\"description\":\"Notre Cabinet d\\\"Avocats International vous propose un service complet et un accompagnement sur mesure : mise en place, suivi et d\u00e9veloppement.\",\"breadcrumb\":{\"@id\":\"https:\/\/www.pariseavocats.com\/#breadcrumb\"},\"inLanguage\":\"fr-FR\",\"potentialAction\":[{\"@type\":\"ReadAction\",\"target\":[\"https:\/\/www.pariseavocats.com\/\"]}]},{\"@type\":\"BreadcrumbList\",\"@id\":\"https:\/\/www.pariseavocats.com\/#breadcrumb\",\"itemListElement\":[{\"@type\":\"ListItem\",\"position\":1,\"name\":\"Accueil\",\"item\":\"https:\/\/www.pariseavocats.com\/index.php\/en\/home\/\"},{\"@type\":\"ListItem\",\"position\":2,\"name\":\"Accueil\"}]},{\"@type\":\"WebSite\",\"@id\":\"https:\/\/www.pariseavocats.com\/#website\",\"url\":\"https:\/\/www.pariseavocats.com\/\",\"name\":\"Parise Avocats\",\"description\":\"\",\"publisher\":{\"@id\":\"https:\/\/www.pariseavocats.com\/#organization\"},\"potentialAction\":[{\"@type\":\"SearchAction\",\"target\":{\"@type\":\"EntryPoint\",\"urlTemplate\":\"https:\/\/www.pariseavocats.com\/?s={search_term_string}\"},\"query-input\":{\"@type\":\"PropertyValueSpecification\",\"valueRequired\":true,\"valueName\":\"search_term_string\"}}],\"inLanguage\":\"fr-FR\"},{\"@type\":\"Organization\",\"@id\":\"https:\/\/www.pariseavocats.com\/#organization\",\"name\":\"Parise Avocat\",\"url\":\"https:\/\/www.pariseavocats.com\/\",\"logo\":{\"@type\":\"ImageObject\",\"inLanguage\":\"fr-FR\",\"@id\":\"https:\/\/www.pariseavocats.com\/#\/schema\/logo\/image\/\",\"url\":\"https:\/\/www.pariseavocats.com\/wp-content\/uploads\/2017\/06\/LOGO-PARISE-AVOCAT.png\",\"contentUrl\":\"https:\/\/www.pariseavocats.com\/wp-content\/uploads\/2017\/06\/LOGO-PARISE-AVOCAT.png\",\"width\":2571,\"height\":344,\"caption\":\"Parise Avocat\"},\"image\":{\"@id\":\"https:\/\/www.pariseavocats.com\/#\/schema\/logo\/image\/\"}}]}<\/script>\n<!-- \/ Yoast SEO plugin. -->","yoast_head_json":{"title":"Parise Avocat | Cabinet d'Avocats International, de Fribourg \u00e0 Hong Kong","description":"Notre Cabinet d\"Avocats International vous propose un service complet et un accompagnement sur mesure : mise en place, suivi et d\u00e9veloppement.","robots":{"index":"index","follow":"follow","max-snippet":"max-snippet:-1","max-image-preview":"max-image-preview:large","max-video-preview":"max-video-preview:-1"},"canonical":"https:\/\/www.pariseavocats.com\/","og_locale":"fr_FR","og_type":"article","og_title":"Parise Avocat | Cabinet d'Avocats International, de Fribourg \u00e0 Hong Kong","og_description":"Notre Cabinet d\"Avocats International vous propose un service complet et un accompagnement sur mesure : mise en place, suivi et d\u00e9veloppement.","og_url":"https:\/\/www.pariseavocats.com\/","og_site_name":"Parise Avocats","article_modified_time":"2024-11-20T18:21:39+00:00","twitter_card":"summary_large_image","twitter_misc":{"Dur\u00e9e de lecture estim\u00e9e":"5 minutes"},"schema":{"@context":"https:\/\/schema.org","@graph":[{"@type":"WebPage","@id":"https:\/\/www.pariseavocats.com\/","url":"https:\/\/www.pariseavocats.com\/","name":"Parise Avocat | Cabinet d'Avocats International, de Fribourg \u00e0 Hong Kong","isPartOf":{"@id":"https:\/\/www.pariseavocats.com\/#website"},"datePublished":"2017-09-11T09:40:32+00:00","dateModified":"2024-11-20T18:21:39+00:00","description":"Notre Cabinet d\"Avocats International vous propose un service complet et un accompagnement sur mesure : mise en place, suivi et d\u00e9veloppement.","breadcrumb":{"@id":"https:\/\/www.pariseavocats.com\/#breadcrumb"},"inLanguage":"fr-FR","potentialAction":[{"@type":"ReadAction","target":["https:\/\/www.pariseavocats.com\/"]}]},{"@type":"BreadcrumbList","@id":"https:\/\/www.pariseavocats.com\/#breadcrumb","itemListElement":[{"@type":"ListItem","position":1,"name":"Accueil","item":"https:\/\/www.pariseavocats.com\/index.php\/en\/home\/"},{"@type":"ListItem","position":2,"name":"Accueil"}]},{"@type":"WebSite","@id":"https:\/\/www.pariseavocats.com\/#website","url":"https:\/\/www.pariseavocats.com\/","name":"Parise Avocats","description":"","publisher":{"@id":"https:\/\/www.pariseavocats.com\/#organization"},"potentialAction":[{"@type":"SearchAction","target":{"@type":"EntryPoint","urlTemplate":"https:\/\/www.pariseavocats.com\/?s={search_term_string}"},"query-input":{"@type":"PropertyValueSpecification","valueRequired":true,"valueName":"search_term_string"}}],"inLanguage":"fr-FR"},{"@type":"Organization","@id":"https:\/\/www.pariseavocats.com\/#organization","name":"Parise Avocat","url":"https:\/\/www.pariseavocats.com\/","logo":{"@type":"ImageObject","inLanguage":"fr-FR","@id":"https:\/\/www.pariseavocats.com\/#\/schema\/logo\/image\/","url":"https:\/\/www.pariseavocats.com\/wp-content\/uploads\/2017\/06\/LOGO-PARISE-AVOCAT.png","contentUrl":"https:\/\/www.pariseavocats.com\/wp-content\/uploads\/2017\/06\/LOGO-PARISE-AVOCAT.png","width":2571,"height":344,"caption":"Parise Avocat"},"image":{"@id":"https:\/\/www.pariseavocats.com\/#\/schema\/logo\/image\/"}}]}},"_links":{"self":[{"href":"https:\/\/www.pariseavocats.com\/index.php\/wp-json\/wp\/v2\/pages\/3307"}],"collection":[{"href":"https:\/\/www.pariseavocats.com\/index.php\/wp-json\/wp\/v2\/pages"}],"about":[{"href":"https:\/\/www.pariseavocats.com\/index.php\/wp-json\/wp\/v2\/types\/page"}],"author":[{"embeddable":true,"href":"https:\/\/www.pariseavocats.com\/index.php\/wp-json\/wp\/v2\/users\/1"}],"replies":[{"embeddable":true,"href":"https:\/\/www.pariseavocats.com\/index.php\/wp-json\/wp\/v2\/comments?post=3307"}],"version-history":[{"count":10,"href":"https:\/\/www.pariseavocats.com\/index.php\/wp-json\/wp\/v2\/pages\/3307\/revisions"}],"predecessor-version":[{"id":3532,"href":"https:\/\/www.pariseavocats.com\/index.php\/wp-json\/wp\/v2\/pages\/3307\/revisions\/3532"}],"wp:attachment":[{"href":"https:\/\/www.pariseavocats.com\/index.php\/wp-json\/wp\/v2\/media?parent=3307"}],"curies":[{"name":"wp","href":"https:\/\/api.w.org\/{rel}","templated":true}]}}