{"id":3000,"date":"2017-08-04T18:57:49","date_gmt":"2017-08-04T16:57:49","guid":{"rendered":"https:\/\/www.pariseavocats.com\/?page_id=3000"},"modified":"2019-03-11T20:15:47","modified_gmt":"2019-03-11T19:15:47","slug":"diritti-degli-affari","status":"publish","type":"page","link":"https:\/\/www.pariseavocats.com\/index.php\/it\/diritti-degli-affari\/","title":{"rendered":"Diritti degli affari"},"content":{"rendered":"<p>[vc_row full_width=\u00a0\u00bbstretch_row\u00a0\u00bb overlay_dotted=\u00a0\u00bb\u00a0\u00bb css=\u00a0\u00bb.vc_custom_1497518944397{padding-top: 40px !important;padding-bottom: 0px !important;background-color: #ffffff !important;background-position: center !important;background-repeat: no-repeat !important;background-size: cover !important;}\u00a0\u00bb][vc_column animate_duration=\u00a0\u00bb1000&Prime; animate_delay=\u00a0\u00bb300ms\u00a0\u00bb css=\u00a0\u00bb.vc_custom_1497361845076{padding-top: 60px !important;padding-right: 41px !important;padding-bottom: 60px !important;padding-left: 15px !important;}\u00a0\u00bb]<div class=\"section-heading-wrap   vc_custom_1505048404032\"><div class=\"section-heading  redl-heading-69f2e49b19f42\" > L'attivit\u00e0 transazionale \u00e8 un elemento essenziale dello sviluppo di Parise Avocat da pi\u00f9 di trent' anni. Consigliamo le imprese multinazionali sulle incidenze fiscali e penali delle loro operazioni e noi operiamo anche nel contesto degli adeguamenti, delle regolarizzazione fiscali o dei litigi su un piano penale.<\/div><\/div>[\/vc_column][\/vc_row][vc_row full_width=\u00a0\u00bbstretch_row\u00a0\u00bb css=\u00a0\u00bb.vc_custom_1497518911452{margin-top: 0px !important;padding-top: 20px !important;padding-bottom: 45px !important;background-image: url(https:\/\/www.pariseavocats.com\/wp-content\/uploads\/2017\/06\/banniere-team1.jpg?id=2492) !important;background-position: center !important;background-repeat: no-repeat !important;background-size: cover !important;}\u00a0\u00bb][vc_column][vc_row_inner equal_height=\u00a0\u00bbyes\u00a0\u00bb content_placement=\u00a0\u00bbmiddle\u00a0\u00bb gap=\u00a0\u00bb25&Prime; css=\u00a0\u00bb.vc_custom_1497458635712{margin-top: 0px !important;margin-bottom: 0px !important;padding-top: 0px !important;}\u00a0\u00bb][vc_column_inner width=\u00a0\u00bb1\/4&Prime; text_alignment=\u00a0\u00bbtext-center\u00a0\u00bb css=\u00a0\u00bb.vc_custom_1497518562960{padding-top: 30px !important;padding-right: 20px !important;padding-bottom: 0px !important;padding-left: 20px !important;background-color: rgba(255,255,255,0.88) !important;*background-color: rgb(255,255,255) !important;border-radius: 3px !important;}\u00a0\u00bb][vc_column_text css=\u00a0\u00bb.vc_custom_1505048557772{margin-bottom: 27px !important;}\u00a0\u00bb]<\/p>\n<p style=\"text-align: center;\"><span style=\"color: #000;\">Opportunit\u00e0 di affari<br \/>\n(fusioni, acquisizioni)<\/span><\/p>\n<p>[\/vc_column_text][\/vc_column_inner][vc_column_inner width=\u00a0\u00bb1\/4&Prime; css=\u00a0\u00bb.vc_custom_1497518578682{padding-top: 30px !important;padding-right: 20px !important;padding-bottom: 0px !important;padding-left: 20px !important;background-color: rgba(255,255,255,0.88) !important;*background-color: rgb(255,255,255) !important;border-radius: 3px !important;}\u00a0\u00bb][vc_column_text css=\u00a0\u00bb.vc_custom_1505049344652{margin-bottom: 27px !important;}\u00a0\u00bb]<\/p>\n<p style=\"text-align: center;\"><span style=\"color: #000;\">sostegno a all&rsquo;esportazione dell&rsquo;attuazione (partnership)<\/span><\/p>\n<p>[\/vc_column_text][\/vc_column_inner][vc_column_inner width=\u00a0\u00bb1\/4&Prime; css=\u00a0\u00bb.vc_custom_1497518594119{padding-top: 30px !important;padding-right: 20px !important;padding-bottom: 0px !important;padding-left: 20px !important;background-color: rgba(255,255,255,0.88) !important;*background-color: rgb(255,255,255) !important;border-radius: 3px !important;}\u00a0\u00bb][vc_column_text css=\u00a0\u00bb.vc_custom_1505049682310{margin-bottom: 27px !important;}\u00a0\u00bb]<\/p>\n<p style=\"text-align: center;\"><span style=\"color: #000;\">legge di impresa<\/span><\/p>\n<p>[\/vc_column_text][\/vc_column_inner][vc_column_inner width=\u00a0\u00bb1\/4&Prime; css=\u00a0\u00bb.vc_custom_1497518649071{padding-top: 30px !important;padding-right: 20px !important;padding-bottom: 0px !important;padding-left: 20px !important;background-color: rgba(255,255,255,0.88) !important;*background-color: rgb(255,255,255) !important;border-radius: 3px !important;}\u00a0\u00bb][vc_column_text css=\u00a0\u00bb.vc_custom_1505049741540{margin-bottom: 27px !important;}\u00a0\u00bb]<\/p>\n<p style=\"text-align: center;\"><span style=\"color: #000;\">Fiscalit\u00e0 delle imprese e dei dirigenti<\/span><\/p>\n<p>[\/vc_column_text][\/vc_column_inner][\/vc_row_inner][vc_row_inner equal_height=\u00a0\u00bbyes\u00a0\u00bb content_placement=\u00a0\u00bbmiddle\u00a0\u00bb gap=\u00a0\u00bb25&Prime; css=\u00a0\u00bb.vc_custom_1497458672221{margin-top: 0px !important;margin-bottom: 0px !important;padding-top: 0px !important;}\u00a0\u00bb][vc_column_inner width=\u00a0\u00bb1\/4&Prime; text_alignment=\u00a0\u00bbtext-center\u00a0\u00bb css=\u00a0\u00bb.vc_custom_1497518673765{padding-top: 30px !important;padding-right: 20px !important;padding-bottom: 0px !important;padding-left: 20px !important;background-color: rgba(255,255,255,0.88) !important;*background-color: rgb(255,255,255) !important;border-radius: 3px !important;}\u00a0\u00bb][vc_column_text css=\u00a0\u00bb.vc_custom_1505049972615{margin-bottom: 27px !important;}\u00a0\u00bb]<\/p>\n<p style=\"text-align: center;\"><span style=\"color: #000;\">Legge sul pianificazione dell&rsquo;eredit\u00e0<\/span><\/p>\n<p>[\/vc_column_text][\/vc_column_inner][vc_column_inner width=\u00a0\u00bb1\/4&Prime; css=\u00a0\u00bb.vc_custom_1497518690070{padding-top: 30px !important;padding-right: 20px !important;padding-bottom: 0px !important;padding-left: 20px !important;background-color: rgba(255,255,255,0.88) !important;*background-color: rgb(255,255,255) !important;border-radius: 3px !important;}\u00a0\u00bb][vc_column_text css=\u00a0\u00bb.vc_custom_1505050022388{margin-bottom: 27px !important;}\u00a0\u00bb]<\/p>\n<p style=\"text-align: center;\"><span style=\"color: #000;\">Litigio amministrativo<\/span><\/p>\n<p>[\/vc_column_text][\/vc_column_inner][vc_column_inner width=\u00a0\u00bb1\/4&Prime; css=\u00a0\u00bb.vc_custom_1497518730677{padding-top: 30px !important;padding-right: 20px !important;padding-bottom: 0px !important;padding-left: 20px !important;background-color: rgba(255,255,255,0.88) !important;*background-color: rgb(255,255,255) !important;border-radius: 3px !important;}\u00a0\u00bb][vc_column_text css=\u00a0\u00bb.vc_custom_1505050129923{margin-bottom: 27px !important;}\u00a0\u00bb]<\/p>\n<p style=\"text-align: center;\"><span style=\"color: #000;\">Opportunit\u00e0 di affari<br \/>\n(fusioni, acquisizioni)<\/span><\/p>\n<p>[\/vc_column_text][\/vc_column_inner][vc_column_inner width=\u00a0\u00bb1\/4&Prime; css=\u00a0\u00bb.vc_custom_1497518744976{padding-top: 30px !important;padding-right: 20px !important;padding-bottom: 0px !important;padding-left: 20px !important;background-color: rgba(255,255,255,0.88) !important;*background-color: rgb(255,255,255) !important;border-radius: 3px !important;}\u00a0\u00bb][vc_column_text css=\u00a0\u00bb.vc_custom_1505050324270{margin-bottom: 27px !important;}\u00a0\u00bb]<\/p>\n<p style=\"text-align: center;\"><span style=\"color: #000;\">legge ambientale <\/span><\/p>\n<p>[\/vc_column_text][\/vc_column_inner][\/vc_row_inner][vc_row_inner equal_height=\u00a0\u00bbyes\u00a0\u00bb content_placement=\u00a0\u00bbmiddle\u00a0\u00bb gap=\u00a0\u00bb25&Prime; css=\u00a0\u00bb.vc_custom_1497458701280{margin-top: 0px !important;margin-bottom: 0px !important;padding-top: 0px !important;}\u00a0\u00bb][vc_column_inner width=\u00a0\u00bb1\/4&Prime; text_alignment=\u00a0\u00bbtext-center\u00a0\u00bb css=\u00a0\u00bb.vc_custom_1497518788680{padding-top: 30px !important;padding-right: 20px !important;padding-bottom: 0px !important;padding-left: 20px !important;background-color: rgba(255,255,255,0.87) !important;*background-color: rgb(255,255,255) !important;border-radius: 3px !important;}\u00a0\u00bb][vc_column_text css=\u00a0\u00bb.vc_custom_1505050423741{margin-bottom: 27px !important;}\u00a0\u00bb]<\/p>\n<p style=\"text-align: center;\"><span style=\"color: #000;\">Diritto dei valori mobiliari, derivati di energia rinnovabile<\/span><\/p>\n<p>[\/vc_column_text][\/vc_column_inner][vc_column_inner width=\u00a0\u00bb1\/4&Prime; css=\u00a0\u00bb.vc_custom_1497518812280{padding-top: 30px !important;padding-right: 20px !important;padding-bottom: 0px !important;padding-left: 20px !important;background-color: rgba(255,255,255,0.88) !important;*background-color: rgb(255,255,255) !important;border-radius: 3px !important;}\u00a0\u00bb][vc_column_text css=\u00a0\u00bb.vc_custom_1505050569931{margin-bottom: 27px !important;}\u00a0\u00bb]<\/p>\n<p style=\"text-align: center;\"><span style=\"color: #000;\">Regolamento farmaceutico<\/span><\/p>\n<p>[\/vc_column_text][\/vc_column_inner][\/vc_row_inner][\/vc_column][\/vc_row]<\/p>\n","protected":false},"excerpt":{"rendered":"[vc_row full_width=\u00a0\u00bbstretch_row\u00a0\u00bb overlay_dotted=\u00a0\u00bb\u00a0\u00bb css=\u00a0\u00bb.vc_custom_1497518944397{padding-top: 40px !important;padding-bottom: 0px !important;background-color: #ffffff !important;background-position: center !important;background-repeat: no-repeat !important;background-size: cover !important;}\u00a0\u00bb][vc_column animate_duration=\u00a0\u00bb1000&Prime; animate_delay=\u00a0\u00bb300ms\u00a0\u00bb css=\u00a0\u00bb.vc_custom_1497361845076{padding-top: 60px !important;padding-right: 41px !important;padding-bottom: 60px !important;padding-left: 15px !important;}\u00a0\u00bb][\/vc_column][\/vc_row][vc_row full_width=\u00a0\u00bbstretch_row\u00a0\u00bb css=\u00a0\u00bb.vc_custom_1497518911452{margin-top: 0px !important;padding-top: 20px !important;padding-bottom: 45px !important;background-image: url(https:\/\/www.pariseavocats.com\/wp-content\/uploads\/2017\/06\/banniere-team1.jpg?id=2492) !important;background-position:[&#8230;]","protected":false},"author":1,"featured_media":0,"parent":0,"menu_order":0,"comment_status":"closed","ping_status":"closed","template":"","meta":{"footnotes":""},"class_list":["post-3000","page","type-page","status-publish","hentry"],"yoast_head":"<!-- This site is optimized with the Yoast SEO plugin v25.6 - https:\/\/yoast.com\/wordpress\/plugins\/seo\/ -->\n<title>Diritti degli affari - Parise Avocats<\/title>\n<meta name=\"robots\" content=\"index, follow, max-snippet:-1, max-image-preview:large, max-video-preview:-1\" \/>\n<link rel=\"canonical\" href=\"https:\/\/www.pariseavocats.com\/index.php\/it\/diritti-degli-affari\/\" \/>\n<meta property=\"og:locale\" content=\"fr_FR\" \/>\n<meta property=\"og:type\" content=\"article\" \/>\n<meta property=\"og:title\" content=\"Diritti degli affari - Parise Avocats\" \/>\n<meta property=\"og:description\" content=\"[vc_row full_width=\u00a0\u00bbstretch_row\u00a0\u00bb overlay_dotted=\u00a0\u00bb\u00a0\u00bb css=\u00a0\u00bb.vc_custom_1497518944397{padding-top: 40px !important;padding-bottom: 0px !important;background-color: #ffffff !important;background-position: center !important;background-repeat: no-repeat !important;background-size: cover !important;}\u00a0\u00bb][vc_column animate_duration=\u00a0\u00bb1000&Prime; animate_delay=\u00a0\u00bb300ms\u00a0\u00bb css=\u00a0\u00bb.vc_custom_1497361845076{padding-top: 60px !important;padding-right: 41px !important;padding-bottom: 60px !important;padding-left: 15px !important;}\u00a0\u00bb][\/vc_column][\/vc_row][vc_row full_width=\u00a0\u00bbstretch_row\u00a0\u00bb css=\u00a0\u00bb.vc_custom_1497518911452{margin-top: 0px !important;padding-top: 20px !important;padding-bottom: 45px !important;background-image: url(https:\/\/www.pariseavocats.com\/wp-content\/uploads\/2017\/06\/banniere-team1.jpg?id=2492) !important;background-position:[...]\" \/>\n<meta property=\"og:url\" content=\"https:\/\/www.pariseavocats.com\/index.php\/it\/diritti-degli-affari\/\" \/>\n<meta property=\"og:site_name\" content=\"Parise Avocats\" \/>\n<meta property=\"article:modified_time\" content=\"2019-03-11T19:15:47+00:00\" \/>\n<meta name=\"twitter:card\" content=\"summary_large_image\" \/>\n<meta name=\"twitter:label1\" content=\"Dur\u00e9e de lecture estim\u00e9e\" \/>\n\t<meta name=\"twitter:data1\" content=\"4 minutes\" \/>\n<script type=\"application\/ld+json\" class=\"yoast-schema-graph\">{\"@context\":\"https:\/\/schema.org\",\"@graph\":[{\"@type\":\"WebPage\",\"@id\":\"https:\/\/www.pariseavocats.com\/index.php\/it\/diritti-degli-affari\/\",\"url\":\"https:\/\/www.pariseavocats.com\/index.php\/it\/diritti-degli-affari\/\",\"name\":\"Diritti degli affari - Parise Avocats\",\"isPartOf\":{\"@id\":\"https:\/\/www.pariseavocats.com\/#website\"},\"datePublished\":\"2017-08-04T16:57:49+00:00\",\"dateModified\":\"2019-03-11T19:15:47+00:00\",\"breadcrumb\":{\"@id\":\"https:\/\/www.pariseavocats.com\/index.php\/it\/diritti-degli-affari\/#breadcrumb\"},\"inLanguage\":\"fr-FR\",\"potentialAction\":[{\"@type\":\"ReadAction\",\"target\":[\"https:\/\/www.pariseavocats.com\/index.php\/it\/diritti-degli-affari\/\"]}]},{\"@type\":\"BreadcrumbList\",\"@id\":\"https:\/\/www.pariseavocats.com\/index.php\/it\/diritti-degli-affari\/#breadcrumb\",\"itemListElement\":[{\"@type\":\"ListItem\",\"position\":1,\"name\":\"Accueil\",\"item\":\"https:\/\/www.pariseavocats.com\/index.php\/en\/home\/\"},{\"@type\":\"ListItem\",\"position\":2,\"name\":\"Diritti degli affari\"}]},{\"@type\":\"WebSite\",\"@id\":\"https:\/\/www.pariseavocats.com\/#website\",\"url\":\"https:\/\/www.pariseavocats.com\/\",\"name\":\"Parise Avocats\",\"description\":\"\",\"publisher\":{\"@id\":\"https:\/\/www.pariseavocats.com\/#organization\"},\"potentialAction\":[{\"@type\":\"SearchAction\",\"target\":{\"@type\":\"EntryPoint\",\"urlTemplate\":\"https:\/\/www.pariseavocats.com\/?s={search_term_string}\"},\"query-input\":{\"@type\":\"PropertyValueSpecification\",\"valueRequired\":true,\"valueName\":\"search_term_string\"}}],\"inLanguage\":\"fr-FR\"},{\"@type\":\"Organization\",\"@id\":\"https:\/\/www.pariseavocats.com\/#organization\",\"name\":\"Parise Avocat\",\"url\":\"https:\/\/www.pariseavocats.com\/\",\"logo\":{\"@type\":\"ImageObject\",\"inLanguage\":\"fr-FR\",\"@id\":\"https:\/\/www.pariseavocats.com\/#\/schema\/logo\/image\/\",\"url\":\"https:\/\/www.pariseavocats.com\/wp-content\/uploads\/2017\/06\/LOGO-PARISE-AVOCAT.png\",\"contentUrl\":\"https:\/\/www.pariseavocats.com\/wp-content\/uploads\/2017\/06\/LOGO-PARISE-AVOCAT.png\",\"width\":2571,\"height\":344,\"caption\":\"Parise Avocat\"},\"image\":{\"@id\":\"https:\/\/www.pariseavocats.com\/#\/schema\/logo\/image\/\"}}]}<\/script>\n<!-- \/ Yoast SEO plugin. -->","yoast_head_json":{"title":"Diritti degli affari - Parise Avocats","robots":{"index":"index","follow":"follow","max-snippet":"max-snippet:-1","max-image-preview":"max-image-preview:large","max-video-preview":"max-video-preview:-1"},"canonical":"https:\/\/www.pariseavocats.com\/index.php\/it\/diritti-degli-affari\/","og_locale":"fr_FR","og_type":"article","og_title":"Diritti degli affari - Parise Avocats","og_description":"[vc_row full_width=\u00a0\u00bbstretch_row\u00a0\u00bb overlay_dotted=\u00a0\u00bb\u00a0\u00bb css=\u00a0\u00bb.vc_custom_1497518944397{padding-top: 40px !important;padding-bottom: 0px !important;background-color: #ffffff !important;background-position: center !important;background-repeat: no-repeat !important;background-size: cover !important;}\u00a0\u00bb][vc_column animate_duration=\u00a0\u00bb1000&Prime; animate_delay=\u00a0\u00bb300ms\u00a0\u00bb css=\u00a0\u00bb.vc_custom_1497361845076{padding-top: 60px !important;padding-right: 41px !important;padding-bottom: 60px !important;padding-left: 15px !important;}\u00a0\u00bb][\/vc_column][\/vc_row][vc_row full_width=\u00a0\u00bbstretch_row\u00a0\u00bb css=\u00a0\u00bb.vc_custom_1497518911452{margin-top: 0px !important;padding-top: 20px !important;padding-bottom: 45px !important;background-image: url(https:\/\/www.pariseavocats.com\/wp-content\/uploads\/2017\/06\/banniere-team1.jpg?id=2492) !important;background-position:[...]","og_url":"https:\/\/www.pariseavocats.com\/index.php\/it\/diritti-degli-affari\/","og_site_name":"Parise Avocats","article_modified_time":"2019-03-11T19:15:47+00:00","twitter_card":"summary_large_image","twitter_misc":{"Dur\u00e9e de lecture estim\u00e9e":"4 minutes"},"schema":{"@context":"https:\/\/schema.org","@graph":[{"@type":"WebPage","@id":"https:\/\/www.pariseavocats.com\/index.php\/it\/diritti-degli-affari\/","url":"https:\/\/www.pariseavocats.com\/index.php\/it\/diritti-degli-affari\/","name":"Diritti degli affari - Parise Avocats","isPartOf":{"@id":"https:\/\/www.pariseavocats.com\/#website"},"datePublished":"2017-08-04T16:57:49+00:00","dateModified":"2019-03-11T19:15:47+00:00","breadcrumb":{"@id":"https:\/\/www.pariseavocats.com\/index.php\/it\/diritti-degli-affari\/#breadcrumb"},"inLanguage":"fr-FR","potentialAction":[{"@type":"ReadAction","target":["https:\/\/www.pariseavocats.com\/index.php\/it\/diritti-degli-affari\/"]}]},{"@type":"BreadcrumbList","@id":"https:\/\/www.pariseavocats.com\/index.php\/it\/diritti-degli-affari\/#breadcrumb","itemListElement":[{"@type":"ListItem","position":1,"name":"Accueil","item":"https:\/\/www.pariseavocats.com\/index.php\/en\/home\/"},{"@type":"ListItem","position":2,"name":"Diritti degli affari"}]},{"@type":"WebSite","@id":"https:\/\/www.pariseavocats.com\/#website","url":"https:\/\/www.pariseavocats.com\/","name":"Parise Avocats","description":"","publisher":{"@id":"https:\/\/www.pariseavocats.com\/#organization"},"potentialAction":[{"@type":"SearchAction","target":{"@type":"EntryPoint","urlTemplate":"https:\/\/www.pariseavocats.com\/?s={search_term_string}"},"query-input":{"@type":"PropertyValueSpecification","valueRequired":true,"valueName":"search_term_string"}}],"inLanguage":"fr-FR"},{"@type":"Organization","@id":"https:\/\/www.pariseavocats.com\/#organization","name":"Parise Avocat","url":"https:\/\/www.pariseavocats.com\/","logo":{"@type":"ImageObject","inLanguage":"fr-FR","@id":"https:\/\/www.pariseavocats.com\/#\/schema\/logo\/image\/","url":"https:\/\/www.pariseavocats.com\/wp-content\/uploads\/2017\/06\/LOGO-PARISE-AVOCAT.png","contentUrl":"https:\/\/www.pariseavocats.com\/wp-content\/uploads\/2017\/06\/LOGO-PARISE-AVOCAT.png","width":2571,"height":344,"caption":"Parise Avocat"},"image":{"@id":"https:\/\/www.pariseavocats.com\/#\/schema\/logo\/image\/"}}]}},"_links":{"self":[{"href":"https:\/\/www.pariseavocats.com\/index.php\/wp-json\/wp\/v2\/pages\/3000"}],"collection":[{"href":"https:\/\/www.pariseavocats.com\/index.php\/wp-json\/wp\/v2\/pages"}],"about":[{"href":"https:\/\/www.pariseavocats.com\/index.php\/wp-json\/wp\/v2\/types\/page"}],"author":[{"embeddable":true,"href":"https:\/\/www.pariseavocats.com\/index.php\/wp-json\/wp\/v2\/users\/1"}],"replies":[{"embeddable":true,"href":"https:\/\/www.pariseavocats.com\/index.php\/wp-json\/wp\/v2\/comments?post=3000"}],"version-history":[{"count":9,"href":"https:\/\/www.pariseavocats.com\/index.php\/wp-json\/wp\/v2\/pages\/3000\/revisions"}],"predecessor-version":[{"id":3222,"href":"https:\/\/www.pariseavocats.com\/index.php\/wp-json\/wp\/v2\/pages\/3000\/revisions\/3222"}],"wp:attachment":[{"href":"https:\/\/www.pariseavocats.com\/index.php\/wp-json\/wp\/v2\/media?parent=3000"}],"curies":[{"name":"wp","href":"https:\/\/api.w.org\/{rel}","templated":true}]}}