{"id":2922,"date":"2017-08-01T18:17:50","date_gmt":"2017-08-01T16:17:50","guid":{"rendered":"https:\/\/www.pariseavocats.com\/?page_id=2922"},"modified":"2019-03-11T20:20:53","modified_gmt":"2019-03-11T19:20:53","slug":"domicilio-fiscal","status":"publish","type":"page","link":"https:\/\/www.pariseavocats.com\/index.php\/es\/domicilio-fiscal\/","title":{"rendered":"Domicilio fiscal"},"content":{"rendered":"<p>[vc_row full_width=\u00a0\u00bbstretch_row\u00a0\u00bb css=\u00a0\u00bb.vc_custom_1498058067892{padding-top: 80px !important;padding-bottom: 50px !important;}\u00a0\u00bb][vc_column]<div class=\"section-heading-wrap   vc_custom_1501772075509\"><div class=\"section-heading  redl-heading-69f63f52cb15c\" >Instalar tu residencia fiscal en Italia a cambio de un impuesto fijo de 100.000 euros por a\u00f1o sobre tus rentas en todo el mundo.<\/div><\/div>[vc_row_inner content_placement=\u00a0\u00bbmiddle\u00a0\u00bb css=\u00a0\u00bb.vc_custom_1500387080006{padding-top: 30px !important;padding-bottom: 40px !important;}\u00a0\u00bb][vc_column_inner width=\u00a0\u00bb1\/2&Prime;][vc_column_text css=\u00a0\u00bb.vc_custom_1501773293490{margin-bottom: 27px !important;}\u00a0\u00bb]<\/p>\n<p class=\"p1\"><span class=\"s1\">Las principales condiciones requeridas para gozar de este regalo fiscal son : haber sido residente en el extranjero durante por lo menos 9 de 10 \u00faltimos a\u00f1os&#8230; y haber de rentas suficientes para que un impuesto de 100.000 euros apareciera como un buen negocio. Para las grandes familias, una cl\u00e1usula permite instalar tambi\u00e9n la residencia fiscal de su allegados para un suplemento de impuesto de 25.000 euros por persona.<\/span><\/p>\n<p>[\/vc_column_text][\/vc_column_inner][vc_column_inner width=\u00a0\u00bb1\/2&Prime; text_alignment=\u00a0\u00bbtext-center\u00a0\u00bb]<a class=\"redl-btn redl-btn-two  redl-btn-medium redl-btn-69f63f52cb17d btn-hover-one btn-icon-left \" href=\"https:\/\/www.pariseavocats.com\/index.php\/es\/contacto\/\" target=\"_blank\">informar usted<\/a>[\/vc_column_inner][\/vc_row_inner][\/vc_column][\/vc_row][vc_row full_width=\u00a0\u00bbstretch_row\u00a0\u00bb css=\u00a0\u00bb.vc_custom_1498058124074{padding-top: 80px !important;padding-bottom: 50px !important;background-color: #2b2b2b !important;}\u00a0\u00bb][vc_column]<div class=\"section-heading-wrap   vc_custom_1501773772051\"><div class=\"section-heading  redl-heading-69f63f52cb19e\" >Un dispositivo previsto para un m\u00e1ximo 15 a\u00f1os<\/div><\/div>[vc_row_inner css=\u00a0\u00bb.vc_custom_1498058036833{padding-top: 30px !important;padding-bottom: 40px !important;}\u00a0\u00bb][vc_column_inner width=\u00a0\u00bb1\/2&Prime;][vc_column_text css=\u00a0\u00bb.vc_custom_1501775533961{margin-bottom: 27px !important;}\u00a0\u00bb]<\/p>\n<p class=\"p1\"><span style=\"color: #fff;\">Una renovaci\u00f3n t\u00e1cita del impuesto fijo est\u00e1 prevista cada a\u00f1o, por un m\u00e1ximo de 15 a\u00f1os. Sin embargo, los grandes contribuyentes interesados \u200b\u200bdeber\u00e1n pasar bastante tiempo en Italia para justificar de su nueva residencia fiscal cerca de las autoridades de su pa\u00eds.<\/span><\/p>\n<p class=\"p1\"><span style=\"color: #fff;\">En 2008, el fisco italiano mismo hab\u00eda rechazado la excusa de una residencia fiscal en el Reino unido para obligar al campe\u00f3n de motocicleta Valentino Rossi a pagar 19 millones de euros de atrasos de impuestos.<\/span><\/p>\n<p>[\/vc_column_text][vc_column_text css=\u00a0\u00bb.vc_custom_1501775635627{margin-bottom: 27px !important;}\u00a0\u00bb]<\/p>\n<p class=\"p1\"><strong><span style=\"color: #fff;\">leer tambi\u00e9n\u00a0|\u00a0<\/span><\/strong><a href=\"http:\/\/www.latribune.fr\/vos-finances\/immobilier\/expatriation-une-fois-au-portugal-les-gens-n-ont-plus-envie-de-revenir-607968.html\"><span style=\"color: #fff;\">Expatriaci\u00f3n :\u00a0<em>\u00ab\u00a0Una vez en Portugal, las personas ya no quieren volver\u00a0\u00bb<\/em><\/span><\/a><\/p>\n<p>[\/vc_column_text][\/vc_column_inner][vc_column_inner width=\u00a0\u00bb1\/2&Prime;][vc_column_text css=\u00a0\u00bb.vc_custom_1501776206229{margin-bottom: 27px !important;}\u00a0\u00bb]<\/p>\n<p class=\"p1\"><span style=\"color: #fff;\">El sistema fiscal italiano se basa en un impuesto sobre la renta, retenido a la fuente si los ingresos est\u00e1n percibidas en Italia, calculado sobre seis rebanadas.<\/span><\/p>\n<p>[\/vc_column_text][vc_column_text css=\u00a0\u00bb.vc_custom_1501776546558{margin-bottom: 27px !important;}\u00a0\u00bb]<\/p>\n<p class=\"p1\"><span style=\"color: #fff;\">La tasa impositiva var\u00eda pues del 23 % para la primera rebanada (de 8.000 a 15.000 euros) para 43 % para la rebanada superior (m\u00e1s de 75.000 euros).<\/span><\/p>\n<p>[\/vc_column_text][vc_column_text css=\u00a0\u00bb.vc_custom_1501776675921{margin-bottom: 27px !important;}\u00a0\u00bb]<\/p>\n<p class=\"p1\"><span style=\"color: #fff;\">El impuesto de tasa \u00fanica permitir\u00e1 a aquellos que tienen un nivel de ingresos mucho m\u00e1s alta de la \u00faltima cuota a pagar menos impuestos.<\/span><\/p>\n<p>[\/vc_column_text][\/vc_column_inner][\/vc_row_inner][\/vc_column][\/vc_row]<\/p>\n","protected":false},"excerpt":{"rendered":"[vc_row full_width=\u00a0\u00bbstretch_row\u00a0\u00bb css=\u00a0\u00bb.vc_custom_1498058067892{padding-top: 80px !important;padding-bottom: 50px !important;}\u00a0\u00bb][vc_column][vc_row_inner content_placement=\u00a0\u00bbmiddle\u00a0\u00bb css=\u00a0\u00bb.vc_custom_1500387080006{padding-top: 30px !important;padding-bottom: 40px !important;}\u00a0\u00bb][vc_column_inner width=\u00a0\u00bb1\/2&Prime;][vc_column_text css=\u00a0\u00bb.vc_custom_1501773293490{margin-bottom: 27px !important;}\u00a0\u00bb] Las principales condiciones requeridas para gozar de este regalo fiscal son : haber sido residente en el extranjero durante por[&#8230;]","protected":false},"author":1,"featured_media":0,"parent":0,"menu_order":0,"comment_status":"closed","ping_status":"closed","template":"","meta":{"footnotes":""},"class_list":["post-2922","page","type-page","status-publish","hentry"],"yoast_head":"<!-- This site is optimized with the Yoast SEO plugin v25.6 - https:\/\/yoast.com\/wordpress\/plugins\/seo\/ -->\n<title>Domicilio fiscal - Parise Avocats<\/title>\n<meta name=\"robots\" content=\"index, follow, max-snippet:-1, max-image-preview:large, max-video-preview:-1\" \/>\n<link rel=\"canonical\" href=\"https:\/\/www.pariseavocats.com\/index.php\/es\/domicilio-fiscal\/\" \/>\n<meta property=\"og:locale\" content=\"fr_FR\" \/>\n<meta property=\"og:type\" content=\"article\" \/>\n<meta property=\"og:title\" content=\"Domicilio fiscal - Parise Avocats\" \/>\n<meta property=\"og:description\" content=\"[vc_row full_width=\u00a0\u00bbstretch_row\u00a0\u00bb css=\u00a0\u00bb.vc_custom_1498058067892{padding-top: 80px !important;padding-bottom: 50px !important;}\u00a0\u00bb][vc_column][vc_row_inner content_placement=\u00a0\u00bbmiddle\u00a0\u00bb css=\u00a0\u00bb.vc_custom_1500387080006{padding-top: 30px !important;padding-bottom: 40px !important;}\u00a0\u00bb][vc_column_inner width=\u00a0\u00bb1\/2&Prime;][vc_column_text css=\u00a0\u00bb.vc_custom_1501773293490{margin-bottom: 27px !important;}\u00a0\u00bb] Las principales condiciones requeridas para gozar de este regalo fiscal son : haber sido residente en el extranjero durante por[...]\" \/>\n<meta property=\"og:url\" content=\"https:\/\/www.pariseavocats.com\/index.php\/es\/domicilio-fiscal\/\" \/>\n<meta property=\"og:site_name\" content=\"Parise Avocats\" \/>\n<meta property=\"article:modified_time\" content=\"2019-03-11T19:20:53+00:00\" \/>\n<meta name=\"twitter:card\" content=\"summary_large_image\" \/>\n<meta name=\"twitter:label1\" content=\"Dur\u00e9e de lecture estim\u00e9e\" \/>\n\t<meta name=\"twitter:data1\" content=\"3 minutes\" \/>\n<script type=\"application\/ld+json\" class=\"yoast-schema-graph\">{\"@context\":\"https:\/\/schema.org\",\"@graph\":[{\"@type\":\"WebPage\",\"@id\":\"https:\/\/www.pariseavocats.com\/index.php\/es\/domicilio-fiscal\/\",\"url\":\"https:\/\/www.pariseavocats.com\/index.php\/es\/domicilio-fiscal\/\",\"name\":\"Domicilio fiscal - Parise Avocats\",\"isPartOf\":{\"@id\":\"https:\/\/www.pariseavocats.com\/#website\"},\"datePublished\":\"2017-08-01T16:17:50+00:00\",\"dateModified\":\"2019-03-11T19:20:53+00:00\",\"breadcrumb\":{\"@id\":\"https:\/\/www.pariseavocats.com\/index.php\/es\/domicilio-fiscal\/#breadcrumb\"},\"inLanguage\":\"fr-FR\",\"potentialAction\":[{\"@type\":\"ReadAction\",\"target\":[\"https:\/\/www.pariseavocats.com\/index.php\/es\/domicilio-fiscal\/\"]}]},{\"@type\":\"BreadcrumbList\",\"@id\":\"https:\/\/www.pariseavocats.com\/index.php\/es\/domicilio-fiscal\/#breadcrumb\",\"itemListElement\":[{\"@type\":\"ListItem\",\"position\":1,\"name\":\"Accueil\",\"item\":\"https:\/\/www.pariseavocats.com\/index.php\/en\/home\/\"},{\"@type\":\"ListItem\",\"position\":2,\"name\":\"Domicilio fiscal\"}]},{\"@type\":\"WebSite\",\"@id\":\"https:\/\/www.pariseavocats.com\/#website\",\"url\":\"https:\/\/www.pariseavocats.com\/\",\"name\":\"Parise Avocats\",\"description\":\"\",\"publisher\":{\"@id\":\"https:\/\/www.pariseavocats.com\/#organization\"},\"potentialAction\":[{\"@type\":\"SearchAction\",\"target\":{\"@type\":\"EntryPoint\",\"urlTemplate\":\"https:\/\/www.pariseavocats.com\/?s={search_term_string}\"},\"query-input\":{\"@type\":\"PropertyValueSpecification\",\"valueRequired\":true,\"valueName\":\"search_term_string\"}}],\"inLanguage\":\"fr-FR\"},{\"@type\":\"Organization\",\"@id\":\"https:\/\/www.pariseavocats.com\/#organization\",\"name\":\"Parise Avocat\",\"url\":\"https:\/\/www.pariseavocats.com\/\",\"logo\":{\"@type\":\"ImageObject\",\"inLanguage\":\"fr-FR\",\"@id\":\"https:\/\/www.pariseavocats.com\/#\/schema\/logo\/image\/\",\"url\":\"https:\/\/www.pariseavocats.com\/wp-content\/uploads\/2017\/06\/LOGO-PARISE-AVOCAT.png\",\"contentUrl\":\"https:\/\/www.pariseavocats.com\/wp-content\/uploads\/2017\/06\/LOGO-PARISE-AVOCAT.png\",\"width\":2571,\"height\":344,\"caption\":\"Parise Avocat\"},\"image\":{\"@id\":\"https:\/\/www.pariseavocats.com\/#\/schema\/logo\/image\/\"}}]}<\/script>\n<!-- \/ Yoast SEO plugin. -->","yoast_head_json":{"title":"Domicilio fiscal - Parise Avocats","robots":{"index":"index","follow":"follow","max-snippet":"max-snippet:-1","max-image-preview":"max-image-preview:large","max-video-preview":"max-video-preview:-1"},"canonical":"https:\/\/www.pariseavocats.com\/index.php\/es\/domicilio-fiscal\/","og_locale":"fr_FR","og_type":"article","og_title":"Domicilio fiscal - Parise Avocats","og_description":"[vc_row full_width=\u00a0\u00bbstretch_row\u00a0\u00bb css=\u00a0\u00bb.vc_custom_1498058067892{padding-top: 80px !important;padding-bottom: 50px !important;}\u00a0\u00bb][vc_column][vc_row_inner content_placement=\u00a0\u00bbmiddle\u00a0\u00bb css=\u00a0\u00bb.vc_custom_1500387080006{padding-top: 30px !important;padding-bottom: 40px !important;}\u00a0\u00bb][vc_column_inner width=\u00a0\u00bb1\/2&Prime;][vc_column_text css=\u00a0\u00bb.vc_custom_1501773293490{margin-bottom: 27px !important;}\u00a0\u00bb] Las principales condiciones requeridas para gozar de este regalo fiscal son : haber sido residente en el extranjero durante por[...]","og_url":"https:\/\/www.pariseavocats.com\/index.php\/es\/domicilio-fiscal\/","og_site_name":"Parise Avocats","article_modified_time":"2019-03-11T19:20:53+00:00","twitter_card":"summary_large_image","twitter_misc":{"Dur\u00e9e de lecture estim\u00e9e":"3 minutes"},"schema":{"@context":"https:\/\/schema.org","@graph":[{"@type":"WebPage","@id":"https:\/\/www.pariseavocats.com\/index.php\/es\/domicilio-fiscal\/","url":"https:\/\/www.pariseavocats.com\/index.php\/es\/domicilio-fiscal\/","name":"Domicilio fiscal - Parise Avocats","isPartOf":{"@id":"https:\/\/www.pariseavocats.com\/#website"},"datePublished":"2017-08-01T16:17:50+00:00","dateModified":"2019-03-11T19:20:53+00:00","breadcrumb":{"@id":"https:\/\/www.pariseavocats.com\/index.php\/es\/domicilio-fiscal\/#breadcrumb"},"inLanguage":"fr-FR","potentialAction":[{"@type":"ReadAction","target":["https:\/\/www.pariseavocats.com\/index.php\/es\/domicilio-fiscal\/"]}]},{"@type":"BreadcrumbList","@id":"https:\/\/www.pariseavocats.com\/index.php\/es\/domicilio-fiscal\/#breadcrumb","itemListElement":[{"@type":"ListItem","position":1,"name":"Accueil","item":"https:\/\/www.pariseavocats.com\/index.php\/en\/home\/"},{"@type":"ListItem","position":2,"name":"Domicilio fiscal"}]},{"@type":"WebSite","@id":"https:\/\/www.pariseavocats.com\/#website","url":"https:\/\/www.pariseavocats.com\/","name":"Parise Avocats","description":"","publisher":{"@id":"https:\/\/www.pariseavocats.com\/#organization"},"potentialAction":[{"@type":"SearchAction","target":{"@type":"EntryPoint","urlTemplate":"https:\/\/www.pariseavocats.com\/?s={search_term_string}"},"query-input":{"@type":"PropertyValueSpecification","valueRequired":true,"valueName":"search_term_string"}}],"inLanguage":"fr-FR"},{"@type":"Organization","@id":"https:\/\/www.pariseavocats.com\/#organization","name":"Parise Avocat","url":"https:\/\/www.pariseavocats.com\/","logo":{"@type":"ImageObject","inLanguage":"fr-FR","@id":"https:\/\/www.pariseavocats.com\/#\/schema\/logo\/image\/","url":"https:\/\/www.pariseavocats.com\/wp-content\/uploads\/2017\/06\/LOGO-PARISE-AVOCAT.png","contentUrl":"https:\/\/www.pariseavocats.com\/wp-content\/uploads\/2017\/06\/LOGO-PARISE-AVOCAT.png","width":2571,"height":344,"caption":"Parise Avocat"},"image":{"@id":"https:\/\/www.pariseavocats.com\/#\/schema\/logo\/image\/"}}]}},"_links":{"self":[{"href":"https:\/\/www.pariseavocats.com\/index.php\/wp-json\/wp\/v2\/pages\/2922"}],"collection":[{"href":"https:\/\/www.pariseavocats.com\/index.php\/wp-json\/wp\/v2\/pages"}],"about":[{"href":"https:\/\/www.pariseavocats.com\/index.php\/wp-json\/wp\/v2\/types\/page"}],"author":[{"embeddable":true,"href":"https:\/\/www.pariseavocats.com\/index.php\/wp-json\/wp\/v2\/users\/1"}],"replies":[{"embeddable":true,"href":"https:\/\/www.pariseavocats.com\/index.php\/wp-json\/wp\/v2\/comments?post=2922"}],"version-history":[{"count":11,"href":"https:\/\/www.pariseavocats.com\/index.php\/wp-json\/wp\/v2\/pages\/2922\/revisions"}],"predecessor-version":[{"id":3403,"href":"https:\/\/www.pariseavocats.com\/index.php\/wp-json\/wp\/v2\/pages\/2922\/revisions\/3403"}],"wp:attachment":[{"href":"https:\/\/www.pariseavocats.com\/index.php\/wp-json\/wp\/v2\/media?parent=2922"}],"curies":[{"name":"wp","href":"https:\/\/api.w.org\/{rel}","templated":true}]}}