{"id":2814,"date":"2017-07-31T15:25:12","date_gmt":"2017-07-31T13:25:12","guid":{"rendered":"https:\/\/www.pariseavocats.com\/?page_id=2814"},"modified":"2024-12-11T15:30:13","modified_gmt":"2024-12-11T14:30:13","slug":"team-en","status":"publish","type":"page","link":"https:\/\/www.pariseavocats.com\/index.php\/en\/team-en\/","title":{"rendered":"Team"},"content":{"rendered":"<p>[vc_row full_width=\u00a0\u00bbstretch_row\u00a0\u00bb gap=\u00a0\u00bb35&Prime; content_placement=\u00a0\u00bbtop\u00a0\u00bb overlay_dotted=\u00a0\u00bb\u00a0\u00bb css=\u00a0\u00bb.vc_custom_1497466259381{padding-top: 40px !important;padding-bottom: 0px !important;background-color: #fcfcfc !important;background-position: center !important;background-repeat: no-repeat !important;background-size: cover !important;}\u00a0\u00bb][vc_column width=\u00a0\u00bb1\/2&Prime; animate_duration=\u00a0\u00bb1000&Prime; animate_delay=\u00a0\u00bb300ms\u00a0\u00bb css=\u00a0\u00bb.vc_custom_1497466814675{padding-top: 30px !important;padding-right: 25px !important;padding-bottom: 30px !important;padding-left: 25px !important;background-color: #f4f4f4 !important;border-radius: 3px !important;}\u00a0\u00bb]<div class=\"section-heading-wrap   vc_custom_1497466737104\"><div class=\"section-heading  redl-heading-69f15be450ada\" >Eug\u00e8ne Parise<\/div><\/div>[vc_text_separator title=\u00a0\u00bb\u00a0\u00bb title_align=\u00a0\u00bbseparator_align_left\u00a0\u00bb color=\u00a0\u00bbcustom\u00a0\u00bb accent_color=\u00a0\u00bb#5e5e5e\u00a0\u00bb][vc_row_inner 0=\u00a0\u00bb\u00a0\u00bb][vc_column_inner width=\u00a0\u00bb1\/2&Prime; css=\u00a0\u00bb.vc_custom_1497464932717{margin-top: 0px !important;margin-right: 0px !important;margin-bottom: 0px !important;padding-top: 0px !important;padding-right: 0px !important;padding-bottom: 0px !important;background-position: center !important;background-repeat: no-repeat !important;background-size: cover !important;border-radius: 35px !important;}\u00a0\u00bb][vc_single_image image=\u00a0\u00bb3457&Prime; img_size=\u00a0\u00bb250&#215;250&Prime; css=\u00a0\u00bb.vc_custom_1552330730335{margin-top: 0px !important;margin-right: 0px !important;margin-bottom: 0px !important;margin-left: 0px !important;padding-top: 0px !important;padding-right: 0px !important;padding-bottom: 0px !important;padding-left: 0px !important;border-radius: 30px !important;}\u00a0\u00bb][\/vc_column_inner][vc_column_inner width=\u00a0\u00bb1\/2&Prime; css=\u00a0\u00bb.vc_custom_1497464599352{margin-top: 0px !important;margin-right: 0px !important;margin-bottom: 0px !important;margin-left: 0px !important;padding-top: 0px !important;padding-right: 0px !important;padding-bottom: 0px !important;padding-left: 0px !important;}\u00a0\u00bb][vc_column_text 0=\u00a0\u00bb\u00a0\u00bb]<\/p>\n<p class=\"p1\"><span class=\"s1\">Admis aux Barreaux de Roma, Malte, Fribourg. Avocat \u00e9tranger enregistr\u00e9 \u00e0 Hong Kong et \u00e0 Singapour. Conseil en Brevets et en Marques qualifi\u00e9 au Luxembourg, en Suisse et en France. Autoris\u00e9 aupr\u00e8s de l\u2019EUIPOl pour l\u2019Union Europ\u00e9enne. Dipl\u00f4me Europ\u00e9en acad\u00e9mique-professionnel d\u2019Expert Fiscal Certifi\u00e9 par AEDAF en Espagne.<\/span><\/p>\n<p>[\/vc_column_text][\/vc_column_inner][\/vc_row_inner][vc_column_text css=\u00a0\u00bb.vc_custom_1647613993647{margin-right: 0px !important;margin-left: 0px !important;padding-right: 0px !important;padding-left: 0px !important;}\u00a0\u00bb]<strong>Approuv\u00e9 par l\u2019OAR FSA\/FSN en tant qu\u2019Interm\u00e9diaire Financier.<\/strong><\/p>\n<p><strong><em>AIFM enregistr\u00e9 au Luxembourg<\/em><\/strong><\/p>\n<p class=\"s1\">Executive MBA (ESCP, Paris) ;<\/p>\n<p class=\"s1\">DESS-MASTER en Droit et Fiscalit\u00e9 (IDA, Aix-en-Provence) ;<\/p>\n<p class=\"s1\">Master Of Sciences (Ecole de Pharmacie, Strasbourg) ;<\/p>\n<p class=\"s1\">DIU en Droit Communautaire (Universit\u00e9 de Strasbourg) ;<\/p>\n<p class=\"s1\">Dipl\u00f4me d\u2019Etudes Comptables Sup\u00e9rieures (DECS) ;<\/p>\n<p class=\"s1\">Sp\u00e9cialisation en Contr\u00f4le de Gestion (CESA-HEC)<\/p>\n<p class=\"p1\"><span class=\"s1\">Langues: Fran\u00e7ais, Italien, Anglais<\/span><\/p>\n<p>[\/vc_column_text][\/vc_column][vc_column width=\u00a0\u00bb1\/2&Prime; css=\u00a0\u00bb.vc_custom_1497466802930{padding-top: 30px !important;padding-right: 25px !important;padding-bottom: 30px !important;padding-left: 25px !important;background-color: #f4f4f4 !important;border-radius: 3px !important;}\u00a0\u00bb]<div class=\"section-heading-wrap   vc_custom_1497467077925\"><div class=\"section-heading  redl-heading-69f15be450b02\" >Thierry Afschrift<\/div><\/div>[vc_text_separator title=\u00a0\u00bb\u00a0\u00bb title_align=\u00a0\u00bbseparator_align_left\u00a0\u00bb color=\u00a0\u00bbcustom\u00a0\u00bb accent_color=\u00a0\u00bb#5e5e5e\u00a0\u00bb][vc_row_inner 0=\u00a0\u00bb\u00a0\u00bb][vc_column_inner width=\u00a0\u00bb1\/2&Prime; css=\u00a0\u00bb.vc_custom_1497464932717{margin-top: 0px !important;margin-right: 0px !important;margin-bottom: 0px !important;padding-top: 0px !important;padding-right: 0px !important;padding-bottom: 0px !important;background-position: center !important;background-repeat: no-repeat !important;background-size: cover !important;border-radius: 35px !important;}\u00a0\u00bb][vc_single_image image=\u00a0\u00bb2457&Prime; img_size=\u00a0\u00bb250&#215;250&Prime; css=\u00a0\u00bb.vc_custom_1497466751540{margin-top: 0px !important;margin-right: 0px !important;margin-bottom: 0px !important;margin-left: 0px !important;padding-top: 0px !important;padding-right: 0px !important;padding-bottom: 0px !important;padding-left: 0px !important;border-radius: 30px !important;}\u00a0\u00bb][\/vc_column_inner][vc_column_inner width=\u00a0\u00bb1\/2&Prime; css=\u00a0\u00bb.vc_custom_1497464599352{margin-top: 0px !important;margin-right: 0px !important;margin-bottom: 0px !important;margin-left: 0px !important;padding-top: 0px !important;padding-right: 0px !important;padding-bottom: 0px !important;padding-left: 0px !important;}\u00a0\u00bb][vc_column_text 0=\u00a0\u00bb\u00a0\u00bb]<\/p>\n<p class=\"p1\"><span class=\"s1\">Lawyer in Brussels, Belgium, Belgium lawyer (AFSCHRI FT LLP), Belgium Bar Association Committee Member (Tax) Brussels Court of Appeal Judge Geneva, Switzerland, registered foreign lawyers Madrid, Spain registered lawyer Luxembourg registered lawyer (list of four).<\/span><\/p>\n<p>[\/vc_column_text][\/vc_column_inner][\/vc_row_inner][vc_column_text 0=\u00a0\u00bb\u00a0\u00bb]<\/p>\n<p class=\"p1\"><span class=\"s1\">Law degree (highest honors), U.L.B. 1976Law graduate degree , U.L.B. June 1977 Fiscal Science graduate degree U.L.B. 1978. Doctoral thesis from the Free University of Brussels French Board in recognition of outstanding scientific honor, and the doctoral thesis.<\/span><\/p>\n<p class=\"p1\"><span class=\"s1\">Language: French, Dutch, English, Spanish, Italian<\/span><\/p>\n<p class=\"p1\"><span class=\"s1\">Past Experience Brussels, Belgium, the social and economic alternates (Public Service Representative). Currently Professor of experience (UNIVERSITE LIBRE DE BRUXELLES):<br \/>\n\u2013 Chief Law Professor (30 hours) \u2013 first year teaching Professor of management since 1987 \u2013 University professor (Free University of Brussels in French). Special tax MBA Founder and President (French Solvay Business School, Free University of Brussels) \u2013 CIT special problems \u2013 case study course teaches<br \/>\n\u2013 Past Professor Experience Law Introductory Course assistant teacher. Law courses assistant teacher.<br \/>\n\u2013 Tax commerce and the head teacher (French Institute of the Free University of Brussels) \u2013 Income-tax Officer teacher (French Free University of Brussels)<\/span><\/p>\n<p>[\/vc_column_text][\/vc_column][\/vc_row]<\/p>\n","protected":false},"excerpt":{"rendered":"[vc_row full_width=\u00a0\u00bbstretch_row\u00a0\u00bb gap=\u00a0\u00bb35&Prime; content_placement=\u00a0\u00bbtop\u00a0\u00bb overlay_dotted=\u00a0\u00bb\u00a0\u00bb css=\u00a0\u00bb.vc_custom_1497466259381{padding-top: 40px !important;padding-bottom: 0px !important;background-color: #fcfcfc !important;background-position: center !important;background-repeat: no-repeat !important;background-size: cover !important;}\u00a0\u00bb][vc_column width=\u00a0\u00bb1\/2&Prime; animate_duration=\u00a0\u00bb1000&Prime; animate_delay=\u00a0\u00bb300ms\u00a0\u00bb css=\u00a0\u00bb.vc_custom_1497466814675{padding-top: 30px !important;padding-right: 25px !important;padding-bottom: 30px !important;padding-left: 25px !important;background-color: #f4f4f4 !important;border-radius: 3px !important;}\u00a0\u00bb][vc_text_separator title=\u00a0\u00bb\u00a0\u00bb title_align=\u00a0\u00bbseparator_align_left\u00a0\u00bb color=\u00a0\u00bbcustom\u00a0\u00bb[&#8230;]","protected":false},"author":1,"featured_media":0,"parent":0,"menu_order":0,"comment_status":"closed","ping_status":"closed","template":"","meta":{"footnotes":""},"class_list":["post-2814","page","type-page","status-publish","hentry"],"yoast_head":"<!-- This site is optimized with the Yoast SEO plugin v25.6 - https:\/\/yoast.com\/wordpress\/plugins\/seo\/ -->\n<title>Team - Parise Avocats<\/title>\n<meta name=\"robots\" content=\"index, follow, max-snippet:-1, max-image-preview:large, max-video-preview:-1\" \/>\n<link rel=\"canonical\" href=\"https:\/\/www.pariseavocats.com\/index.php\/en\/team-en\/\" \/>\n<meta property=\"og:locale\" content=\"fr_FR\" \/>\n<meta property=\"og:type\" content=\"article\" \/>\n<meta property=\"og:title\" content=\"Team - Parise Avocats\" \/>\n<meta property=\"og:description\" content=\"[vc_row full_width=\u00a0\u00bbstretch_row\u00a0\u00bb gap=\u00a0\u00bb35&Prime; content_placement=\u00a0\u00bbtop\u00a0\u00bb overlay_dotted=\u00a0\u00bb\u00a0\u00bb css=\u00a0\u00bb.vc_custom_1497466259381{padding-top: 40px !important;padding-bottom: 0px !important;background-color: #fcfcfc !important;background-position: center !important;background-repeat: no-repeat !important;background-size: cover !important;}\u00a0\u00bb][vc_column width=\u00a0\u00bb1\/2&Prime; animate_duration=\u00a0\u00bb1000&Prime; animate_delay=\u00a0\u00bb300ms\u00a0\u00bb css=\u00a0\u00bb.vc_custom_1497466814675{padding-top: 30px !important;padding-right: 25px !important;padding-bottom: 30px !important;padding-left: 25px !important;background-color: #f4f4f4 !important;border-radius: 3px !important;}\u00a0\u00bb][vc_text_separator title=\u00a0\u00bb\u00a0\u00bb title_align=\u00a0\u00bbseparator_align_left\u00a0\u00bb color=\u00a0\u00bbcustom\u00a0\u00bb[...]\" \/>\n<meta property=\"og:url\" content=\"https:\/\/www.pariseavocats.com\/index.php\/en\/team-en\/\" \/>\n<meta property=\"og:site_name\" content=\"Parise Avocats\" \/>\n<meta property=\"article:modified_time\" content=\"2024-12-11T14:30:13+00:00\" \/>\n<meta name=\"twitter:card\" content=\"summary_large_image\" \/>\n<meta name=\"twitter:label1\" content=\"Dur\u00e9e de lecture estim\u00e9e\" \/>\n\t<meta name=\"twitter:data1\" content=\"3 minutes\" \/>\n<script type=\"application\/ld+json\" class=\"yoast-schema-graph\">{\"@context\":\"https:\/\/schema.org\",\"@graph\":[{\"@type\":\"WebPage\",\"@id\":\"https:\/\/www.pariseavocats.com\/index.php\/en\/team-en\/\",\"url\":\"https:\/\/www.pariseavocats.com\/index.php\/en\/team-en\/\",\"name\":\"Team - Parise Avocats\",\"isPartOf\":{\"@id\":\"https:\/\/www.pariseavocats.com\/#website\"},\"datePublished\":\"2017-07-31T13:25:12+00:00\",\"dateModified\":\"2024-12-11T14:30:13+00:00\",\"breadcrumb\":{\"@id\":\"https:\/\/www.pariseavocats.com\/index.php\/en\/team-en\/#breadcrumb\"},\"inLanguage\":\"fr-FR\",\"potentialAction\":[{\"@type\":\"ReadAction\",\"target\":[\"https:\/\/www.pariseavocats.com\/index.php\/en\/team-en\/\"]}]},{\"@type\":\"BreadcrumbList\",\"@id\":\"https:\/\/www.pariseavocats.com\/index.php\/en\/team-en\/#breadcrumb\",\"itemListElement\":[{\"@type\":\"ListItem\",\"position\":1,\"name\":\"Accueil\",\"item\":\"https:\/\/www.pariseavocats.com\/index.php\/en\/home\/\"},{\"@type\":\"ListItem\",\"position\":2,\"name\":\"Team\"}]},{\"@type\":\"WebSite\",\"@id\":\"https:\/\/www.pariseavocats.com\/#website\",\"url\":\"https:\/\/www.pariseavocats.com\/\",\"name\":\"Parise Avocats\",\"description\":\"\",\"publisher\":{\"@id\":\"https:\/\/www.pariseavocats.com\/#organization\"},\"potentialAction\":[{\"@type\":\"SearchAction\",\"target\":{\"@type\":\"EntryPoint\",\"urlTemplate\":\"https:\/\/www.pariseavocats.com\/?s={search_term_string}\"},\"query-input\":{\"@type\":\"PropertyValueSpecification\",\"valueRequired\":true,\"valueName\":\"search_term_string\"}}],\"inLanguage\":\"fr-FR\"},{\"@type\":\"Organization\",\"@id\":\"https:\/\/www.pariseavocats.com\/#organization\",\"name\":\"Parise Avocat\",\"url\":\"https:\/\/www.pariseavocats.com\/\",\"logo\":{\"@type\":\"ImageObject\",\"inLanguage\":\"fr-FR\",\"@id\":\"https:\/\/www.pariseavocats.com\/#\/schema\/logo\/image\/\",\"url\":\"https:\/\/www.pariseavocats.com\/wp-content\/uploads\/2017\/06\/LOGO-PARISE-AVOCAT.png\",\"contentUrl\":\"https:\/\/www.pariseavocats.com\/wp-content\/uploads\/2017\/06\/LOGO-PARISE-AVOCAT.png\",\"width\":2571,\"height\":344,\"caption\":\"Parise Avocat\"},\"image\":{\"@id\":\"https:\/\/www.pariseavocats.com\/#\/schema\/logo\/image\/\"}}]}<\/script>\n<!-- \/ Yoast SEO plugin. -->","yoast_head_json":{"title":"Team - Parise Avocats","robots":{"index":"index","follow":"follow","max-snippet":"max-snippet:-1","max-image-preview":"max-image-preview:large","max-video-preview":"max-video-preview:-1"},"canonical":"https:\/\/www.pariseavocats.com\/index.php\/en\/team-en\/","og_locale":"fr_FR","og_type":"article","og_title":"Team - Parise Avocats","og_description":"[vc_row full_width=\u00a0\u00bbstretch_row\u00a0\u00bb gap=\u00a0\u00bb35&Prime; content_placement=\u00a0\u00bbtop\u00a0\u00bb overlay_dotted=\u00a0\u00bb\u00a0\u00bb css=\u00a0\u00bb.vc_custom_1497466259381{padding-top: 40px !important;padding-bottom: 0px !important;background-color: #fcfcfc !important;background-position: center !important;background-repeat: no-repeat !important;background-size: cover !important;}\u00a0\u00bb][vc_column width=\u00a0\u00bb1\/2&Prime; animate_duration=\u00a0\u00bb1000&Prime; animate_delay=\u00a0\u00bb300ms\u00a0\u00bb css=\u00a0\u00bb.vc_custom_1497466814675{padding-top: 30px !important;padding-right: 25px !important;padding-bottom: 30px !important;padding-left: 25px !important;background-color: #f4f4f4 !important;border-radius: 3px !important;}\u00a0\u00bb][vc_text_separator title=\u00a0\u00bb\u00a0\u00bb title_align=\u00a0\u00bbseparator_align_left\u00a0\u00bb color=\u00a0\u00bbcustom\u00a0\u00bb[...]","og_url":"https:\/\/www.pariseavocats.com\/index.php\/en\/team-en\/","og_site_name":"Parise Avocats","article_modified_time":"2024-12-11T14:30:13+00:00","twitter_card":"summary_large_image","twitter_misc":{"Dur\u00e9e de lecture estim\u00e9e":"3 minutes"},"schema":{"@context":"https:\/\/schema.org","@graph":[{"@type":"WebPage","@id":"https:\/\/www.pariseavocats.com\/index.php\/en\/team-en\/","url":"https:\/\/www.pariseavocats.com\/index.php\/en\/team-en\/","name":"Team - Parise Avocats","isPartOf":{"@id":"https:\/\/www.pariseavocats.com\/#website"},"datePublished":"2017-07-31T13:25:12+00:00","dateModified":"2024-12-11T14:30:13+00:00","breadcrumb":{"@id":"https:\/\/www.pariseavocats.com\/index.php\/en\/team-en\/#breadcrumb"},"inLanguage":"fr-FR","potentialAction":[{"@type":"ReadAction","target":["https:\/\/www.pariseavocats.com\/index.php\/en\/team-en\/"]}]},{"@type":"BreadcrumbList","@id":"https:\/\/www.pariseavocats.com\/index.php\/en\/team-en\/#breadcrumb","itemListElement":[{"@type":"ListItem","position":1,"name":"Accueil","item":"https:\/\/www.pariseavocats.com\/index.php\/en\/home\/"},{"@type":"ListItem","position":2,"name":"Team"}]},{"@type":"WebSite","@id":"https:\/\/www.pariseavocats.com\/#website","url":"https:\/\/www.pariseavocats.com\/","name":"Parise Avocats","description":"","publisher":{"@id":"https:\/\/www.pariseavocats.com\/#organization"},"potentialAction":[{"@type":"SearchAction","target":{"@type":"EntryPoint","urlTemplate":"https:\/\/www.pariseavocats.com\/?s={search_term_string}"},"query-input":{"@type":"PropertyValueSpecification","valueRequired":true,"valueName":"search_term_string"}}],"inLanguage":"fr-FR"},{"@type":"Organization","@id":"https:\/\/www.pariseavocats.com\/#organization","name":"Parise Avocat","url":"https:\/\/www.pariseavocats.com\/","logo":{"@type":"ImageObject","inLanguage":"fr-FR","@id":"https:\/\/www.pariseavocats.com\/#\/schema\/logo\/image\/","url":"https:\/\/www.pariseavocats.com\/wp-content\/uploads\/2017\/06\/LOGO-PARISE-AVOCAT.png","contentUrl":"https:\/\/www.pariseavocats.com\/wp-content\/uploads\/2017\/06\/LOGO-PARISE-AVOCAT.png","width":2571,"height":344,"caption":"Parise Avocat"},"image":{"@id":"https:\/\/www.pariseavocats.com\/#\/schema\/logo\/image\/"}}]}},"_links":{"self":[{"href":"https:\/\/www.pariseavocats.com\/index.php\/wp-json\/wp\/v2\/pages\/2814"}],"collection":[{"href":"https:\/\/www.pariseavocats.com\/index.php\/wp-json\/wp\/v2\/pages"}],"about":[{"href":"https:\/\/www.pariseavocats.com\/index.php\/wp-json\/wp\/v2\/types\/page"}],"author":[{"embeddable":true,"href":"https:\/\/www.pariseavocats.com\/index.php\/wp-json\/wp\/v2\/users\/1"}],"replies":[{"embeddable":true,"href":"https:\/\/www.pariseavocats.com\/index.php\/wp-json\/wp\/v2\/comments?post=2814"}],"version-history":[{"count":10,"href":"https:\/\/www.pariseavocats.com\/index.php\/wp-json\/wp\/v2\/pages\/2814\/revisions"}],"predecessor-version":[{"id":3536,"href":"https:\/\/www.pariseavocats.com\/index.php\/wp-json\/wp\/v2\/pages\/2814\/revisions\/3536"}],"wp:attachment":[{"href":"https:\/\/www.pariseavocats.com\/index.php\/wp-json\/wp\/v2\/media?parent=2814"}],"curies":[{"name":"wp","href":"https:\/\/api.w.org\/{rel}","templated":true}]}}