{"id":2667,"date":"2017-06-27T14:17:41","date_gmt":"2017-06-27T12:17:41","guid":{"rendered":"https:\/\/www.pariseavocats.com\/?page_id=2667"},"modified":"2019-04-15T19:06:04","modified_gmt":"2019-04-15T17:06:04","slug":"paymaster","status":"publish","type":"page","link":"https:\/\/www.pariseavocats.com\/index.php\/paymaster\/","title":{"rendered":"PayMaster"},"content":{"rendered":"<p>[vc_row full_width=\u00a0\u00bbstretch_row\u00a0\u00bb css=\u00a0\u00bb.vc_custom_1498567479903{padding-top: 25px !important;padding-right: 100px !important;padding-bottom: 40px !important;padding-left: 100px !important;background-color: #2b2b2b !important;}\u00a0\u00bb][vc_column]<div class=\"section-heading-wrap   vc_custom_1498567048120\"><div class=\"section-heading  redl-heading-6a070b286914e\" >Un paymaster est quelqu'un nomm\u00e9 par un groupe d'investisseurs pour r\u00e9partir des commissions, des honoraires ou des salaires dans le secteur priv\u00e9 ou public.<\/div><\/div>[\/vc_column][\/vc_row][vc_row full_width=\u00a0\u00bbstretch_row\u00a0\u00bb css=\u00a0\u00bb.vc_custom_1498567305699{padding-top: 30px !important;padding-bottom: 30px !important;background-image: url(https:\/\/www.pariseavocats.com\/wp-content\/uploads\/2016\/08\/bandeau1-1.jpg?id=2298) !important;background-position: center !important;background-repeat: no-repeat !important;background-size: cover !important;}\u00a0\u00bb][vc_column][vc_row_inner css=\u00a0\u00bb.vc_custom_1498567133634{padding-top: 10px !important;padding-bottom: 20px !important;}\u00a0\u00bb][vc_column_inner width=\u00a0\u00bb1\/2&Prime;]<div class=\"section-heading-wrap   vc_custom_1498566752347\"><div class=\"section-heading  redl-heading-6a070b2869168\" >Le principal objectif d\u2019un PayMaster est de recevoir des honoraires en fiducie par les acheteurs dans une grande transaction, et de d\u00e9bourser aux vendeurs et aux courtiers sur la transaction.<\/div><\/div>[vc_column_text css=\u00a0\u00bb.vc_custom_1498566220311{margin-bottom: 27px !important;}\u00a0\u00bb]Un paymaster est habituellement un Avocat (\u00e9galement appel\u00e9 \u00abPayMaster Avocat\u00bb). En ce qui concerne les paiements de commissions sur des contrats portant sur de grandes quantit\u00e9s d&rsquo;argent (comme le p\u00e9trole, le gaz, l&rsquo;acier, le fer, l&rsquo;or, les MTN, les VG, les T-Strips et d&rsquo;autres instruments), la plupart des banques se m\u00e9fient de la manipulation de grandes quantit\u00e9s d&rsquo;argent. En outre, la plupart des acheteurs et vendeurs de ces transactions veulent placer l&rsquo;argent avec un tiers neutre pour le d\u00e9caissement. Dans la plupart des cas, l&rsquo;acheteur et le vendeur impliqu\u00e9s dans la transaction exigent qu&rsquo;un pr\u00eateur soit nomm\u00e9 pour g\u00e9rer tous les fonds entrants et sortants.[\/vc_column_text][\/vc_column_inner][vc_column_inner width=\u00a0\u00bb1\/2&Prime;][\/vc_column_inner][\/vc_row_inner][\/vc_column][\/vc_row][vc_row full_width=\u00a0\u00bbstretch_row\u00a0\u00bb css=\u00a0\u00bb.vc_custom_1498567425716{padding-top: 30px !important;padding-bottom: 30px !important;background-image: url(https:\/\/www.pariseavocats.com\/wp-content\/uploads\/2016\/08\/Bandeau4.jpg?id=2303) !important;background-position: center !important;background-repeat: no-repeat !important;background-size: cover !important;}\u00a0\u00bb][vc_column][vc_row_inner css=\u00a0\u00bb.vc_custom_1498567221413{padding-top: 10px !important;padding-bottom: 20px !important;}\u00a0\u00bb][vc_column_inner width=\u00a0\u00bb1\/2&Prime;][vc_column_text css=\u00a0\u00bb.vc_custom_1498566380214{margin-bottom: 27px !important;}\u00a0\u00bb]<\/p>\n<p class=\"p1\"><span style=\"color: #fff;\">Un PayMaster est un tiers neutre et n&rsquo;a aucune connaissance de la transaction. Il g\u00e8re les commissions entrantes, puis d\u00e9caisse les fonds en cons\u00e9quence. En contrepartie de ses services, le PayMaster paie une petite taxe qui lui est vers\u00e9e directement \u00e0 partir du produit de la commission avant le d\u00e9caissement.<br \/>\n<\/span><\/p>\n<p>[\/vc_column_text][\/vc_column_inner][vc_column_inner width=\u00a0\u00bb1\/2&Prime;][\/vc_column_inner][\/vc_row_inner][\/vc_column][\/vc_row][vc_row full_width=\u00a0\u00bbstretch_row\u00a0\u00bb css=\u00a0\u00bb.vc_custom_1498567233317{padding-top: 30px !important;padding-bottom: 30px !important;}\u00a0\u00bb][vc_column][vc_row_inner content_placement=\u00a0\u00bbmiddle\u00a0\u00bb css=\u00a0\u00bb.vc_custom_1498567243515{padding-top: 10px !important;padding-bottom: 20px !important;}\u00a0\u00bb][vc_column_inner width=\u00a0\u00bb1\/2&Prime;][vc_column_text css=\u00a0\u00bb.vc_custom_1498566534638{margin-bottom: 27px !important;}\u00a0\u00bb]En Europe et donc en Suisse, il est obligatoire d\u2019\u00eatre autoris\u00e9 pour pratiquer l\u2019activit\u00e9 de PayMaster. Un PayMaster est un avocat autoris\u00e9, en raison du probl\u00e8me de s\u00e9curit\u00e9 quant aux avoirs d\u00e9tenus qui ne lui appartiennent pas directement et qui doivent \u00eatre log\u00e9s dans un \u00abcompte de fiducie g\u00e9r\u00e9 par l\u2019Avocat\u00bb (\u00e9galement connu sous le nom de compte IOLTA).[\/vc_column_text][\/vc_column_inner][vc_column_inner width=\u00a0\u00bb1\/2&Prime; text_alignment=\u00a0\u00bbtext-center\u00a0\u00bb][\/vc_column_inner][\/vc_row_inner][\/vc_column][\/vc_row]<\/p>\n","protected":false},"excerpt":{"rendered":"[vc_row full_width=\u00a0\u00bbstretch_row\u00a0\u00bb css=\u00a0\u00bb.vc_custom_1498567479903{padding-top: 25px !important;padding-right: 100px !important;padding-bottom: 40px !important;padding-left: 100px !important;background-color: #2b2b2b !important;}\u00a0\u00bb][vc_column][\/vc_column][\/vc_row][vc_row full_width=\u00a0\u00bbstretch_row\u00a0\u00bb css=\u00a0\u00bb.vc_custom_1498567305699{padding-top: 30px !important;padding-bottom: 30px !important;background-image: url(https:\/\/www.pariseavocats.com\/wp-content\/uploads\/2016\/08\/bandeau1-1.jpg?id=2298) !important;background-position: center !important;background-repeat: no-repeat !important;background-size: cover !important;}\u00a0\u00bb][vc_column][vc_row_inner css=\u00a0\u00bb.vc_custom_1498567133634{padding-top: 10px !important;padding-bottom: 20px !important;}\u00a0\u00bb][vc_column_inner width=\u00a0\u00bb1\/2&Prime;][vc_column_text css=\u00a0\u00bb.vc_custom_1498566220311{margin-bottom: 27px !important;}\u00a0\u00bb]Un paymaster[&#8230;]","protected":false},"author":1,"featured_media":0,"parent":0,"menu_order":0,"comment_status":"closed","ping_status":"closed","template":"","meta":{"footnotes":""},"class_list":["post-2667","page","type-page","status-publish","hentry"],"yoast_head":"<!-- This site is optimized with the Yoast SEO plugin v25.6 - https:\/\/yoast.com\/wordpress\/plugins\/seo\/ -->\n<title>PayMaster - Parise Avocats<\/title>\n<meta name=\"description\" content=\"Un paymaster est quelqu&#039;un nomm\u00e9 par un groupe d&#039;investisseurs pour r\u00e9partir des commissions, des honoraires ou des salaires (secteur priv\u00e9 ou public).\" \/>\n<meta name=\"robots\" content=\"index, follow, max-snippet:-1, max-image-preview:large, max-video-preview:-1\" \/>\n<link rel=\"canonical\" href=\"https:\/\/www.pariseavocats.com\/index.php\/paymaster\/\" \/>\n<meta property=\"og:locale\" content=\"fr_FR\" \/>\n<meta property=\"og:type\" content=\"article\" \/>\n<meta property=\"og:title\" content=\"PayMaster - Parise Avocats\" \/>\n<meta property=\"og:description\" content=\"Un paymaster est quelqu&#039;un nomm\u00e9 par un groupe d&#039;investisseurs pour r\u00e9partir des commissions, des honoraires ou des salaires (secteur priv\u00e9 ou public).\" \/>\n<meta property=\"og:url\" content=\"https:\/\/www.pariseavocats.com\/index.php\/paymaster\/\" \/>\n<meta property=\"og:site_name\" content=\"Parise Avocats\" \/>\n<meta property=\"article:modified_time\" content=\"2019-04-15T17:06:04+00:00\" \/>\n<meta name=\"twitter:card\" content=\"summary_large_image\" \/>\n<meta name=\"twitter:label1\" content=\"Dur\u00e9e de lecture estim\u00e9e\" \/>\n\t<meta name=\"twitter:data1\" content=\"3 minutes\" \/>\n<script type=\"application\/ld+json\" class=\"yoast-schema-graph\">{\"@context\":\"https:\/\/schema.org\",\"@graph\":[{\"@type\":\"WebPage\",\"@id\":\"https:\/\/www.pariseavocats.com\/index.php\/paymaster\/\",\"url\":\"https:\/\/www.pariseavocats.com\/index.php\/paymaster\/\",\"name\":\"PayMaster - Parise Avocats\",\"isPartOf\":{\"@id\":\"https:\/\/www.pariseavocats.com\/#website\"},\"datePublished\":\"2017-06-27T12:17:41+00:00\",\"dateModified\":\"2019-04-15T17:06:04+00:00\",\"description\":\"Un paymaster est quelqu'un nomm\u00e9 par un groupe d'investisseurs pour r\u00e9partir des commissions, des honoraires ou des salaires (secteur priv\u00e9 ou public).\",\"breadcrumb\":{\"@id\":\"https:\/\/www.pariseavocats.com\/index.php\/paymaster\/#breadcrumb\"},\"inLanguage\":\"fr-FR\",\"potentialAction\":[{\"@type\":\"ReadAction\",\"target\":[\"https:\/\/www.pariseavocats.com\/index.php\/paymaster\/\"]}]},{\"@type\":\"BreadcrumbList\",\"@id\":\"https:\/\/www.pariseavocats.com\/index.php\/paymaster\/#breadcrumb\",\"itemListElement\":[{\"@type\":\"ListItem\",\"position\":1,\"name\":\"Accueil\",\"item\":\"https:\/\/www.pariseavocats.com\/index.php\/en\/home\/\"},{\"@type\":\"ListItem\",\"position\":2,\"name\":\"PayMaster\"}]},{\"@type\":\"WebSite\",\"@id\":\"https:\/\/www.pariseavocats.com\/#website\",\"url\":\"https:\/\/www.pariseavocats.com\/\",\"name\":\"Parise Avocats\",\"description\":\"\",\"publisher\":{\"@id\":\"https:\/\/www.pariseavocats.com\/#organization\"},\"potentialAction\":[{\"@type\":\"SearchAction\",\"target\":{\"@type\":\"EntryPoint\",\"urlTemplate\":\"https:\/\/www.pariseavocats.com\/?s={search_term_string}\"},\"query-input\":{\"@type\":\"PropertyValueSpecification\",\"valueRequired\":true,\"valueName\":\"search_term_string\"}}],\"inLanguage\":\"fr-FR\"},{\"@type\":\"Organization\",\"@id\":\"https:\/\/www.pariseavocats.com\/#organization\",\"name\":\"Parise Avocat\",\"url\":\"https:\/\/www.pariseavocats.com\/\",\"logo\":{\"@type\":\"ImageObject\",\"inLanguage\":\"fr-FR\",\"@id\":\"https:\/\/www.pariseavocats.com\/#\/schema\/logo\/image\/\",\"url\":\"https:\/\/www.pariseavocats.com\/wp-content\/uploads\/2017\/06\/LOGO-PARISE-AVOCAT.png\",\"contentUrl\":\"https:\/\/www.pariseavocats.com\/wp-content\/uploads\/2017\/06\/LOGO-PARISE-AVOCAT.png\",\"width\":2571,\"height\":344,\"caption\":\"Parise Avocat\"},\"image\":{\"@id\":\"https:\/\/www.pariseavocats.com\/#\/schema\/logo\/image\/\"}}]}<\/script>\n<!-- \/ Yoast SEO plugin. -->","yoast_head_json":{"title":"PayMaster - Parise Avocats","description":"Un paymaster est quelqu'un nomm\u00e9 par un groupe d'investisseurs pour r\u00e9partir des commissions, des honoraires ou des salaires (secteur priv\u00e9 ou public).","robots":{"index":"index","follow":"follow","max-snippet":"max-snippet:-1","max-image-preview":"max-image-preview:large","max-video-preview":"max-video-preview:-1"},"canonical":"https:\/\/www.pariseavocats.com\/index.php\/paymaster\/","og_locale":"fr_FR","og_type":"article","og_title":"PayMaster - Parise Avocats","og_description":"Un paymaster est quelqu'un nomm\u00e9 par un groupe d'investisseurs pour r\u00e9partir des commissions, des honoraires ou des salaires (secteur priv\u00e9 ou public).","og_url":"https:\/\/www.pariseavocats.com\/index.php\/paymaster\/","og_site_name":"Parise Avocats","article_modified_time":"2019-04-15T17:06:04+00:00","twitter_card":"summary_large_image","twitter_misc":{"Dur\u00e9e de lecture estim\u00e9e":"3 minutes"},"schema":{"@context":"https:\/\/schema.org","@graph":[{"@type":"WebPage","@id":"https:\/\/www.pariseavocats.com\/index.php\/paymaster\/","url":"https:\/\/www.pariseavocats.com\/index.php\/paymaster\/","name":"PayMaster - Parise Avocats","isPartOf":{"@id":"https:\/\/www.pariseavocats.com\/#website"},"datePublished":"2017-06-27T12:17:41+00:00","dateModified":"2019-04-15T17:06:04+00:00","description":"Un paymaster est quelqu'un nomm\u00e9 par un groupe d'investisseurs pour r\u00e9partir des commissions, des honoraires ou des salaires (secteur priv\u00e9 ou public).","breadcrumb":{"@id":"https:\/\/www.pariseavocats.com\/index.php\/paymaster\/#breadcrumb"},"inLanguage":"fr-FR","potentialAction":[{"@type":"ReadAction","target":["https:\/\/www.pariseavocats.com\/index.php\/paymaster\/"]}]},{"@type":"BreadcrumbList","@id":"https:\/\/www.pariseavocats.com\/index.php\/paymaster\/#breadcrumb","itemListElement":[{"@type":"ListItem","position":1,"name":"Accueil","item":"https:\/\/www.pariseavocats.com\/index.php\/en\/home\/"},{"@type":"ListItem","position":2,"name":"PayMaster"}]},{"@type":"WebSite","@id":"https:\/\/www.pariseavocats.com\/#website","url":"https:\/\/www.pariseavocats.com\/","name":"Parise Avocats","description":"","publisher":{"@id":"https:\/\/www.pariseavocats.com\/#organization"},"potentialAction":[{"@type":"SearchAction","target":{"@type":"EntryPoint","urlTemplate":"https:\/\/www.pariseavocats.com\/?s={search_term_string}"},"query-input":{"@type":"PropertyValueSpecification","valueRequired":true,"valueName":"search_term_string"}}],"inLanguage":"fr-FR"},{"@type":"Organization","@id":"https:\/\/www.pariseavocats.com\/#organization","name":"Parise Avocat","url":"https:\/\/www.pariseavocats.com\/","logo":{"@type":"ImageObject","inLanguage":"fr-FR","@id":"https:\/\/www.pariseavocats.com\/#\/schema\/logo\/image\/","url":"https:\/\/www.pariseavocats.com\/wp-content\/uploads\/2017\/06\/LOGO-PARISE-AVOCAT.png","contentUrl":"https:\/\/www.pariseavocats.com\/wp-content\/uploads\/2017\/06\/LOGO-PARISE-AVOCAT.png","width":2571,"height":344,"caption":"Parise Avocat"},"image":{"@id":"https:\/\/www.pariseavocats.com\/#\/schema\/logo\/image\/"}}]}},"_links":{"self":[{"href":"https:\/\/www.pariseavocats.com\/index.php\/wp-json\/wp\/v2\/pages\/2667"}],"collection":[{"href":"https:\/\/www.pariseavocats.com\/index.php\/wp-json\/wp\/v2\/pages"}],"about":[{"href":"https:\/\/www.pariseavocats.com\/index.php\/wp-json\/wp\/v2\/types\/page"}],"author":[{"embeddable":true,"href":"https:\/\/www.pariseavocats.com\/index.php\/wp-json\/wp\/v2\/users\/1"}],"replies":[{"embeddable":true,"href":"https:\/\/www.pariseavocats.com\/index.php\/wp-json\/wp\/v2\/comments?post=2667"}],"version-history":[{"count":16,"href":"https:\/\/www.pariseavocats.com\/index.php\/wp-json\/wp\/v2\/pages\/2667\/revisions"}],"predecessor-version":[{"id":2703,"href":"https:\/\/www.pariseavocats.com\/index.php\/wp-json\/wp\/v2\/pages\/2667\/revisions\/2703"}],"wp:attachment":[{"href":"https:\/\/www.pariseavocats.com\/index.php\/wp-json\/wp\/v2\/media?parent=2667"}],"curies":[{"name":"wp","href":"https:\/\/api.w.org\/{rel}","templated":true}]}}