{"id":2646,"date":"2017-06-21T17:03:48","date_gmt":"2017-06-21T15:03:48","guid":{"rendered":"https:\/\/www.pariseavocats.com\/?page_id=2646"},"modified":"2019-03-11T20:19:28","modified_gmt":"2019-03-11T19:19:28","slug":"residence-fiscale","status":"publish","type":"page","link":"https:\/\/www.pariseavocats.com\/index.php\/residence-fiscale\/","title":{"rendered":"R\u00e9sidence Fiscale"},"content":{"rendered":"<p>[vc_row full_width=\u00a0\u00bbstretch_row\u00a0\u00bb css=\u00a0\u00bb.vc_custom_1498058067892{padding-top: 80px !important;padding-bottom: 50px !important;}\u00a0\u00bb][vc_column]<div class=\"section-heading-wrap   vc_custom_1500386842837\"><div class=\"section-heading  redl-heading-69f384228150b\" >Installer votre r\u00e9sidence fiscale en Italie en \u00e9change d'un imp\u00f4t forfaitaire de 100.000 euros par an sur vos revenus \u00e0 travers le monde. <\/div><\/div>[vc_row_inner content_placement=\u00a0\u00bbmiddle\u00a0\u00bb css=\u00a0\u00bb.vc_custom_1500387080006{padding-top: 30px !important;padding-bottom: 40px !important;}\u00a0\u00bb][vc_column_inner width=\u00a0\u00bb1\/2&Prime;][vc_column_text css=\u00a0\u00bb.vc_custom_1500386874325{margin-bottom: 27px !important;}\u00a0\u00bb]<\/p>\n<p class=\"p1\"><span class=\"s1\">Les principales conditions requises pour b\u00e9n\u00e9ficier de ce cadeau fiscal sont : avoir \u00e9t\u00e9 r\u00e9sident \u00e0 l&rsquo;\u00e9tranger pendant au moins 9 des 10 derni\u00e8res ann\u00e9es&#8230; et avoir des revenus suffisants pour qu&rsquo;un imp\u00f4t de 100.000 euros apparaisse comme une bonne affaire. Pour les grandes familles, une clause permet d&rsquo;installer aussi la r\u00e9sidence fiscale de ses proches pour un suppl\u00e9ment d&rsquo;imp\u00f4t de 25.000 euros par personne.<\/span><\/p>\n<p>[\/vc_column_text][\/vc_column_inner][vc_column_inner width=\u00a0\u00bb1\/2&Prime; text_alignment=\u00a0\u00bbtext-center\u00a0\u00bb mh_opt=\u00a0\u00bb\u00a0\u00bb]<a class=\"redl-btn redl-btn-two  redl-btn-medium redl-btn-69f3842281521 btn-hover-one btn-icon-left \" href=\"https:\/\/www.pariseavocats.com\/index.php\/contact\/\" target=\"_blank\">Renseignez-vous<\/a>[\/vc_column_inner][\/vc_row_inner][\/vc_column][\/vc_row][vc_row full_width=\u00a0\u00bbstretch_row\u00a0\u00bb css=\u00a0\u00bb.vc_custom_1498058124074{padding-top: 80px !important;padding-bottom: 50px !important;background-color: #2b2b2b !important;}\u00a0\u00bb][vc_column]<div class=\"section-heading-wrap   vc_custom_1498057622762\"><div class=\"section-heading  redl-heading-69f3842281538\" >Un dispositif pr\u00e9vu pour au maximum 15 ans<\/div><\/div>[vc_row_inner css=\u00a0\u00bb.vc_custom_1498058036833{padding-top: 30px !important;padding-bottom: 40px !important;}\u00a0\u00bb][vc_column_inner width=\u00a0\u00bb1\/2&Prime;][vc_column_text css=\u00a0\u00bb.vc_custom_1500386715850{margin-bottom: 27px !important;}\u00a0\u00bb]<\/p>\n<p class=\"p1\"><span style=\"color: #fff;\">Un renouvellement tacite de cet imp\u00f4t forfaitaire est pr\u00e9vu chaque ann\u00e9e, pour un maximum de 15 ans. Les gros contribuables int\u00e9ress\u00e9s devront cependant passer ensuite suffisamment de temps en Italie pour justifier de leur nouvelle r\u00e9sidence fiscale aupr\u00e8s des autorit\u00e9s de leur pays.<\/span><\/p>\n<p class=\"p1\"><span style=\"color: #fff;\">En 2008, le fisc italien avait lui-m\u00eame rejet\u00e9 l&rsquo;excuse d&rsquo;une r\u00e9sidence fiscale au Royaume-Uni pour obliger le champion de moto Valentino Rossi \u00e0 verser 19 millions d&rsquo;euros d&rsquo;arri\u00e9r\u00e9s d&rsquo;imp\u00f4ts.<br \/>\n<\/span><\/p>\n<p>[\/vc_column_text][vc_column_text css=\u00a0\u00bb.vc_custom_1498058475970{margin-bottom: 27px !important;}\u00a0\u00bb]<\/p>\n<p class=\"p1\"><strong><span style=\"color: #fff;\">Lire aussi\u00a0| <\/span><\/strong><a href=\"http:\/\/www.latribune.fr\/vos-finances\/immobilier\/expatriation-une-fois-au-portugal-les-gens-n-ont-plus-envie-de-revenir-607968.html\"><span style=\"color: #fff;\">Expatriation :\u00a0<em>\u00ab\u00a0Une fois au Portugal, les gens n&rsquo;ont plus envie de revenir\u00a0\u00bb<\/em><\/span><\/a><\/p>\n<p>[\/vc_column_text][\/vc_column_inner][vc_column_inner width=\u00a0\u00bb1\/2&Prime;][vc_column_text css=\u00a0\u00bb.vc_custom_1498058376854{margin-bottom: 27px !important;}\u00a0\u00bb]<\/p>\n<p class=\"p1\"><span style=\"color: #fff;\">Le syst\u00e8me fiscal italien se base sur un imp\u00f4t sur le revenu, pr\u00e9lev\u00e9 \u00e0 la source si les revenus sont per\u00e7us en Italie, calcul\u00e9 gr\u00e2ce \u00e0 six tranches.<br \/>\n<\/span><\/p>\n<p>[\/vc_column_text][vc_column_text css=\u00a0\u00bb.vc_custom_1498058408108{margin-bottom: 27px !important;}\u00a0\u00bb]<\/p>\n<p class=\"p1\"><span style=\"color: #fff;\">Le taux d&rsquo;imposition varie donc de 23% pour la premi\u00e8re tranche (de 8.000 \u00e0 15.000 euros) \u00e0 43% pour la tranche sup\u00e9rieure (plus de 75.000 euros).<br \/>\n<\/span><\/p>\n<p>[\/vc_column_text][vc_column_text css=\u00a0\u00bb.vc_custom_1498058419846{margin-bottom: 27px !important;}\u00a0\u00bb]<\/p>\n<p class=\"p1\"><span style=\"color: #fff;\">Cet imp\u00f4t forfaitaire permettra donc \u00e0 ceux qui ont un revenu largement sup\u00e9rieur au seuil de la derni\u00e8re tranche de payer moins d&rsquo;imp\u00f4ts.<br \/>\n<\/span><\/p>\n<p>[\/vc_column_text][\/vc_column_inner][\/vc_row_inner][\/vc_column][\/vc_row]<\/p>\n","protected":false},"excerpt":{"rendered":"[vc_row full_width=\u00a0\u00bbstretch_row\u00a0\u00bb css=\u00a0\u00bb.vc_custom_1498058067892{padding-top: 80px !important;padding-bottom: 50px !important;}\u00a0\u00bb][vc_column][vc_row_inner content_placement=\u00a0\u00bbmiddle\u00a0\u00bb css=\u00a0\u00bb.vc_custom_1500387080006{padding-top: 30px !important;padding-bottom: 40px !important;}\u00a0\u00bb][vc_column_inner width=\u00a0\u00bb1\/2&Prime;][vc_column_text css=\u00a0\u00bb.vc_custom_1500386874325{margin-bottom: 27px !important;}\u00a0\u00bb] Les principales conditions requises pour b\u00e9n\u00e9ficier de ce cadeau fiscal sont : avoir \u00e9t\u00e9 r\u00e9sident \u00e0 l&rsquo;\u00e9tranger pendant au moins[&#8230;]","protected":false},"author":1,"featured_media":0,"parent":0,"menu_order":0,"comment_status":"closed","ping_status":"closed","template":"","meta":{"footnotes":""},"class_list":["post-2646","page","type-page","status-publish","hentry"],"yoast_head":"<!-- This site is optimized with the Yoast SEO plugin v25.6 - https:\/\/yoast.com\/wordpress\/plugins\/seo\/ -->\n<title>R\u00e9sidence Fiscale - Parise Avocats<\/title>\n<meta name=\"robots\" content=\"index, follow, max-snippet:-1, max-image-preview:large, max-video-preview:-1\" \/>\n<link rel=\"canonical\" href=\"https:\/\/www.pariseavocats.com\/index.php\/residence-fiscale\/\" \/>\n<meta property=\"og:locale\" content=\"fr_FR\" \/>\n<meta property=\"og:type\" content=\"article\" \/>\n<meta property=\"og:title\" content=\"R\u00e9sidence Fiscale - Parise Avocats\" \/>\n<meta property=\"og:description\" content=\"[vc_row full_width=\u00a0\u00bbstretch_row\u00a0\u00bb css=\u00a0\u00bb.vc_custom_1498058067892{padding-top: 80px !important;padding-bottom: 50px !important;}\u00a0\u00bb][vc_column][vc_row_inner content_placement=\u00a0\u00bbmiddle\u00a0\u00bb css=\u00a0\u00bb.vc_custom_1500387080006{padding-top: 30px !important;padding-bottom: 40px !important;}\u00a0\u00bb][vc_column_inner width=\u00a0\u00bb1\/2&Prime;][vc_column_text css=\u00a0\u00bb.vc_custom_1500386874325{margin-bottom: 27px !important;}\u00a0\u00bb] Les principales conditions requises pour b\u00e9n\u00e9ficier de ce cadeau fiscal sont : avoir \u00e9t\u00e9 r\u00e9sident \u00e0 l&rsquo;\u00e9tranger pendant au moins[...]\" \/>\n<meta property=\"og:url\" content=\"https:\/\/www.pariseavocats.com\/index.php\/residence-fiscale\/\" \/>\n<meta property=\"og:site_name\" content=\"Parise Avocats\" \/>\n<meta property=\"article:modified_time\" content=\"2019-03-11T19:19:28+00:00\" \/>\n<meta name=\"twitter:card\" content=\"summary_large_image\" \/>\n<meta name=\"twitter:label1\" content=\"Dur\u00e9e de lecture estim\u00e9e\" \/>\n\t<meta name=\"twitter:data1\" content=\"3 minutes\" \/>\n<script type=\"application\/ld+json\" class=\"yoast-schema-graph\">{\"@context\":\"https:\/\/schema.org\",\"@graph\":[{\"@type\":\"WebPage\",\"@id\":\"https:\/\/www.pariseavocats.com\/index.php\/residence-fiscale\/\",\"url\":\"https:\/\/www.pariseavocats.com\/index.php\/residence-fiscale\/\",\"name\":\"R\u00e9sidence Fiscale - Parise Avocats\",\"isPartOf\":{\"@id\":\"https:\/\/www.pariseavocats.com\/#website\"},\"datePublished\":\"2017-06-21T15:03:48+00:00\",\"dateModified\":\"2019-03-11T19:19:28+00:00\",\"breadcrumb\":{\"@id\":\"https:\/\/www.pariseavocats.com\/index.php\/residence-fiscale\/#breadcrumb\"},\"inLanguage\":\"fr-FR\",\"potentialAction\":[{\"@type\":\"ReadAction\",\"target\":[\"https:\/\/www.pariseavocats.com\/index.php\/residence-fiscale\/\"]}]},{\"@type\":\"BreadcrumbList\",\"@id\":\"https:\/\/www.pariseavocats.com\/index.php\/residence-fiscale\/#breadcrumb\",\"itemListElement\":[{\"@type\":\"ListItem\",\"position\":1,\"name\":\"Accueil\",\"item\":\"https:\/\/www.pariseavocats.com\/index.php\/en\/home\/\"},{\"@type\":\"ListItem\",\"position\":2,\"name\":\"R\u00e9sidence Fiscale\"}]},{\"@type\":\"WebSite\",\"@id\":\"https:\/\/www.pariseavocats.com\/#website\",\"url\":\"https:\/\/www.pariseavocats.com\/\",\"name\":\"Parise Avocats\",\"description\":\"\",\"publisher\":{\"@id\":\"https:\/\/www.pariseavocats.com\/#organization\"},\"potentialAction\":[{\"@type\":\"SearchAction\",\"target\":{\"@type\":\"EntryPoint\",\"urlTemplate\":\"https:\/\/www.pariseavocats.com\/?s={search_term_string}\"},\"query-input\":{\"@type\":\"PropertyValueSpecification\",\"valueRequired\":true,\"valueName\":\"search_term_string\"}}],\"inLanguage\":\"fr-FR\"},{\"@type\":\"Organization\",\"@id\":\"https:\/\/www.pariseavocats.com\/#organization\",\"name\":\"Parise Avocat\",\"url\":\"https:\/\/www.pariseavocats.com\/\",\"logo\":{\"@type\":\"ImageObject\",\"inLanguage\":\"fr-FR\",\"@id\":\"https:\/\/www.pariseavocats.com\/#\/schema\/logo\/image\/\",\"url\":\"https:\/\/www.pariseavocats.com\/wp-content\/uploads\/2017\/06\/LOGO-PARISE-AVOCAT.png\",\"contentUrl\":\"https:\/\/www.pariseavocats.com\/wp-content\/uploads\/2017\/06\/LOGO-PARISE-AVOCAT.png\",\"width\":2571,\"height\":344,\"caption\":\"Parise Avocat\"},\"image\":{\"@id\":\"https:\/\/www.pariseavocats.com\/#\/schema\/logo\/image\/\"}}]}<\/script>\n<!-- \/ Yoast SEO plugin. -->","yoast_head_json":{"title":"R\u00e9sidence Fiscale - Parise Avocats","robots":{"index":"index","follow":"follow","max-snippet":"max-snippet:-1","max-image-preview":"max-image-preview:large","max-video-preview":"max-video-preview:-1"},"canonical":"https:\/\/www.pariseavocats.com\/index.php\/residence-fiscale\/","og_locale":"fr_FR","og_type":"article","og_title":"R\u00e9sidence Fiscale - Parise Avocats","og_description":"[vc_row full_width=\u00a0\u00bbstretch_row\u00a0\u00bb css=\u00a0\u00bb.vc_custom_1498058067892{padding-top: 80px !important;padding-bottom: 50px !important;}\u00a0\u00bb][vc_column][vc_row_inner content_placement=\u00a0\u00bbmiddle\u00a0\u00bb css=\u00a0\u00bb.vc_custom_1500387080006{padding-top: 30px !important;padding-bottom: 40px !important;}\u00a0\u00bb][vc_column_inner width=\u00a0\u00bb1\/2&Prime;][vc_column_text css=\u00a0\u00bb.vc_custom_1500386874325{margin-bottom: 27px !important;}\u00a0\u00bb] Les principales conditions requises pour b\u00e9n\u00e9ficier de ce cadeau fiscal sont : avoir \u00e9t\u00e9 r\u00e9sident \u00e0 l&rsquo;\u00e9tranger pendant au moins[...]","og_url":"https:\/\/www.pariseavocats.com\/index.php\/residence-fiscale\/","og_site_name":"Parise Avocats","article_modified_time":"2019-03-11T19:19:28+00:00","twitter_card":"summary_large_image","twitter_misc":{"Dur\u00e9e de lecture estim\u00e9e":"3 minutes"},"schema":{"@context":"https:\/\/schema.org","@graph":[{"@type":"WebPage","@id":"https:\/\/www.pariseavocats.com\/index.php\/residence-fiscale\/","url":"https:\/\/www.pariseavocats.com\/index.php\/residence-fiscale\/","name":"R\u00e9sidence Fiscale - Parise Avocats","isPartOf":{"@id":"https:\/\/www.pariseavocats.com\/#website"},"datePublished":"2017-06-21T15:03:48+00:00","dateModified":"2019-03-11T19:19:28+00:00","breadcrumb":{"@id":"https:\/\/www.pariseavocats.com\/index.php\/residence-fiscale\/#breadcrumb"},"inLanguage":"fr-FR","potentialAction":[{"@type":"ReadAction","target":["https:\/\/www.pariseavocats.com\/index.php\/residence-fiscale\/"]}]},{"@type":"BreadcrumbList","@id":"https:\/\/www.pariseavocats.com\/index.php\/residence-fiscale\/#breadcrumb","itemListElement":[{"@type":"ListItem","position":1,"name":"Accueil","item":"https:\/\/www.pariseavocats.com\/index.php\/en\/home\/"},{"@type":"ListItem","position":2,"name":"R\u00e9sidence Fiscale"}]},{"@type":"WebSite","@id":"https:\/\/www.pariseavocats.com\/#website","url":"https:\/\/www.pariseavocats.com\/","name":"Parise Avocats","description":"","publisher":{"@id":"https:\/\/www.pariseavocats.com\/#organization"},"potentialAction":[{"@type":"SearchAction","target":{"@type":"EntryPoint","urlTemplate":"https:\/\/www.pariseavocats.com\/?s={search_term_string}"},"query-input":{"@type":"PropertyValueSpecification","valueRequired":true,"valueName":"search_term_string"}}],"inLanguage":"fr-FR"},{"@type":"Organization","@id":"https:\/\/www.pariseavocats.com\/#organization","name":"Parise Avocat","url":"https:\/\/www.pariseavocats.com\/","logo":{"@type":"ImageObject","inLanguage":"fr-FR","@id":"https:\/\/www.pariseavocats.com\/#\/schema\/logo\/image\/","url":"https:\/\/www.pariseavocats.com\/wp-content\/uploads\/2017\/06\/LOGO-PARISE-AVOCAT.png","contentUrl":"https:\/\/www.pariseavocats.com\/wp-content\/uploads\/2017\/06\/LOGO-PARISE-AVOCAT.png","width":2571,"height":344,"caption":"Parise Avocat"},"image":{"@id":"https:\/\/www.pariseavocats.com\/#\/schema\/logo\/image\/"}}]}},"_links":{"self":[{"href":"https:\/\/www.pariseavocats.com\/index.php\/wp-json\/wp\/v2\/pages\/2646"}],"collection":[{"href":"https:\/\/www.pariseavocats.com\/index.php\/wp-json\/wp\/v2\/pages"}],"about":[{"href":"https:\/\/www.pariseavocats.com\/index.php\/wp-json\/wp\/v2\/types\/page"}],"author":[{"embeddable":true,"href":"https:\/\/www.pariseavocats.com\/index.php\/wp-json\/wp\/v2\/users\/1"}],"replies":[{"embeddable":true,"href":"https:\/\/www.pariseavocats.com\/index.php\/wp-json\/wp\/v2\/comments?post=2646"}],"version-history":[{"count":13,"href":"https:\/\/www.pariseavocats.com\/index.php\/wp-json\/wp\/v2\/pages\/2646\/revisions"}],"predecessor-version":[{"id":2781,"href":"https:\/\/www.pariseavocats.com\/index.php\/wp-json\/wp\/v2\/pages\/2646\/revisions\/2781"}],"wp:attachment":[{"href":"https:\/\/www.pariseavocats.com\/index.php\/wp-json\/wp\/v2\/media?parent=2646"}],"curies":[{"name":"wp","href":"https:\/\/api.w.org\/{rel}","templated":true}]}}