{"id":2582,"date":"2017-06-21T14:57:13","date_gmt":"2017-06-21T12:57:13","guid":{"rendered":"https:\/\/www.pariseavocats.com\/?page_id=2582"},"modified":"2024-07-12T10:51:01","modified_gmt":"2024-07-12T08:51:01","slug":"financial-services","status":"publish","type":"page","link":"https:\/\/www.pariseavocats.com\/index.php\/financial-services\/","title":{"rendered":"Financial Services"},"content":{"rendered":"<p>[vc_row full_width=\u00a0\u00bbstretch_row\u00a0\u00bb content_placement=\u00a0\u00bbmiddle\u00a0\u00bb overlay_dotted=\u00a0\u00bb\u00a0\u00bb css=\u00a0\u00bb.vc_custom_1498053939965{padding-top: 40px !important;padding-bottom: 0px !important;background-image: url(https:\/\/www.pariseavocats.com\/wp-content\/uploads\/2016\/08\/bandeau1-1.jpg?id=2298) !important;background-position: center !important;background-repeat: no-repeat !important;background-size: cover !important;}\u00a0\u00bb][vc_column width=\u00a0\u00bb1\/2&Prime; animate_duration=\u00a0\u00bb1000&Prime; animate_delay=\u00a0\u00bb300ms\u00a0\u00bb css=\u00a0\u00bb.vc_custom_1497361845076{padding-top: 60px !important;padding-right: 41px !important;padding-bottom: 60px !important;padding-left: 15px !important;}\u00a0\u00bb]<div class=\"section-heading-wrap   vc_custom_1498053261317\"><div class=\"section-heading  redl-heading-6a05ad2f520c7\" >Me Eugene Parise offre un produit innovant dans le domaine de la finance et l\u2019investissement internationale.<\/div><\/div>[vc_column_text css=\u00a0\u00bb.vc_custom_1498053289554{margin-bottom: 27px !important;}\u00a0\u00bb]<\/p>\n<p class=\"p1\"><span class=\"s1\">Parise Avocat propose des solutions de financement pour votre croissance, des services-conseils strat\u00e9giques sur M &amp; A, des restructurations d\u2019entreprises, des privatisations et des transactions de PE. Les bureaux sont situ\u00e9s \u00e0 Fribourg avec une repr\u00e9sentation \u00e0 Zurich, Londres et New York, regroupant une \u00e9quipe de professionnels internationaux.<\/span><\/p>\n<p>[\/vc_column_text]<a class=\"redl-btn redl-btn-two  redl-btn-medium redl-btn-6a05ad2f520dd btn-hover-one btn-icon-left \" href=\"https:\/\/parisefinancialinstitution.com\/\" target=\"_blank\">En savoir +<\/a>[\/vc_column][vc_column width=\u00a0\u00bb1\/2&Prime; text_alignment=\u00a0\u00bbtext-center\u00a0\u00bb animate_duration=\u00a0\u00bb1000&Prime; css=\u00a0\u00bb.vc_custom_1498055463748{padding-right: 41px !important;padding-left: 41px !important;}\u00a0\u00bb][vc_column_text]<img decoding=\"async\" class=\"aligncenter\" src=\"https:\/\/www.pariseavocats.com\/wp-content\/uploads\/2017\/06\/logoPFI-rouge.png\" alt=\"Investissement internationale et services-conseils strat\u00e9giques\" width=\"200\" \/>[\/vc_column_text][\/vc_column][\/vc_row]<\/p>\n","protected":false},"excerpt":{"rendered":"[vc_row full_width=\u00a0\u00bbstretch_row\u00a0\u00bb content_placement=\u00a0\u00bbmiddle\u00a0\u00bb overlay_dotted=\u00a0\u00bb\u00a0\u00bb css=\u00a0\u00bb.vc_custom_1498053939965{padding-top: 40px !important;padding-bottom: 0px !important;background-image: url(https:\/\/www.pariseavocats.com\/wp-content\/uploads\/2016\/08\/bandeau1-1.jpg?id=2298) !important;background-position: center !important;background-repeat: no-repeat !important;background-size: cover !important;}\u00a0\u00bb][vc_column width=\u00a0\u00bb1\/2&Prime; animate_duration=\u00a0\u00bb1000&Prime; animate_delay=\u00a0\u00bb300ms\u00a0\u00bb css=\u00a0\u00bb.vc_custom_1497361845076{padding-top: 60px !important;padding-right: 41px !important;padding-bottom: 60px !important;padding-left: 15px !important;}\u00a0\u00bb][vc_column_text css=\u00a0\u00bb.vc_custom_1498053289554{margin-bottom: 27px !important;}\u00a0\u00bb] Parise Avocat propose des solutions[&#8230;]","protected":false},"author":1,"featured_media":0,"parent":0,"menu_order":0,"comment_status":"closed","ping_status":"closed","template":"","meta":{"footnotes":""},"class_list":["post-2582","page","type-page","status-publish","hentry"],"yoast_head":"<!-- This site is optimized with the Yoast SEO plugin v25.6 - https:\/\/yoast.com\/wordpress\/plugins\/seo\/ -->\n<title>Investissement internationale et Finances | Parise Avocat<\/title>\n<meta name=\"description\" content=\"Me Eugene Parise offre un produit innovant pour votre investissement internationale et la croissance de votre structure. Services-conseils strat\u00e9giques...\" \/>\n<meta name=\"robots\" content=\"index, follow, max-snippet:-1, max-image-preview:large, max-video-preview:-1\" \/>\n<link rel=\"canonical\" href=\"https:\/\/www.pariseavocats.com\/index.php\/financial-services\/\" \/>\n<meta property=\"og:locale\" content=\"fr_FR\" \/>\n<meta property=\"og:type\" content=\"article\" \/>\n<meta property=\"og:title\" content=\"Investissement internationale et Finances | Parise Avocat\" \/>\n<meta property=\"og:description\" content=\"Me Eugene Parise offre un produit innovant pour votre investissement internationale et la croissance de votre structure. Services-conseils strat\u00e9giques...\" \/>\n<meta property=\"og:url\" content=\"https:\/\/www.pariseavocats.com\/index.php\/financial-services\/\" \/>\n<meta property=\"og:site_name\" content=\"Parise Avocats\" \/>\n<meta property=\"article:modified_time\" content=\"2024-07-12T08:51:01+00:00\" \/>\n<meta property=\"og:image\" content=\"https:\/\/www.pariseavocats.com\/wp-content\/uploads\/2017\/06\/logoPFI-rouge.png\" \/>\n<meta name=\"twitter:card\" content=\"summary_large_image\" \/>\n<meta name=\"twitter:label1\" content=\"Dur\u00e9e de lecture estim\u00e9e\" \/>\n\t<meta name=\"twitter:data1\" content=\"2 minutes\" \/>\n<script type=\"application\/ld+json\" class=\"yoast-schema-graph\">{\"@context\":\"https:\/\/schema.org\",\"@graph\":[{\"@type\":\"WebPage\",\"@id\":\"https:\/\/www.pariseavocats.com\/index.php\/financial-services\/\",\"url\":\"https:\/\/www.pariseavocats.com\/index.php\/financial-services\/\",\"name\":\"Investissement internationale et Finances | Parise Avocat\",\"isPartOf\":{\"@id\":\"https:\/\/www.pariseavocats.com\/#website\"},\"primaryImageOfPage\":{\"@id\":\"https:\/\/www.pariseavocats.com\/index.php\/financial-services\/#primaryimage\"},\"image\":{\"@id\":\"https:\/\/www.pariseavocats.com\/index.php\/financial-services\/#primaryimage\"},\"thumbnailUrl\":\"https:\/\/www.pariseavocats.com\/wp-content\/uploads\/2017\/06\/logoPFI-rouge.png\",\"datePublished\":\"2017-06-21T12:57:13+00:00\",\"dateModified\":\"2024-07-12T08:51:01+00:00\",\"description\":\"Me Eugene Parise offre un produit innovant pour votre investissement internationale et la croissance de votre structure. Services-conseils strat\u00e9giques...\",\"breadcrumb\":{\"@id\":\"https:\/\/www.pariseavocats.com\/index.php\/financial-services\/#breadcrumb\"},\"inLanguage\":\"fr-FR\",\"potentialAction\":[{\"@type\":\"ReadAction\",\"target\":[\"https:\/\/www.pariseavocats.com\/index.php\/financial-services\/\"]}]},{\"@type\":\"ImageObject\",\"inLanguage\":\"fr-FR\",\"@id\":\"https:\/\/www.pariseavocats.com\/index.php\/financial-services\/#primaryimage\",\"url\":\"https:\/\/www.pariseavocats.com\/wp-content\/uploads\/2017\/06\/logoPFI-rouge.png\",\"contentUrl\":\"https:\/\/www.pariseavocats.com\/wp-content\/uploads\/2017\/06\/logoPFI-rouge.png\",\"width\":349,\"height\":349},{\"@type\":\"BreadcrumbList\",\"@id\":\"https:\/\/www.pariseavocats.com\/index.php\/financial-services\/#breadcrumb\",\"itemListElement\":[{\"@type\":\"ListItem\",\"position\":1,\"name\":\"Accueil\",\"item\":\"https:\/\/www.pariseavocats.com\/index.php\/en\/home\/\"},{\"@type\":\"ListItem\",\"position\":2,\"name\":\"Financial Services\"}]},{\"@type\":\"WebSite\",\"@id\":\"https:\/\/www.pariseavocats.com\/#website\",\"url\":\"https:\/\/www.pariseavocats.com\/\",\"name\":\"Parise Avocats\",\"description\":\"\",\"publisher\":{\"@id\":\"https:\/\/www.pariseavocats.com\/#organization\"},\"potentialAction\":[{\"@type\":\"SearchAction\",\"target\":{\"@type\":\"EntryPoint\",\"urlTemplate\":\"https:\/\/www.pariseavocats.com\/?s={search_term_string}\"},\"query-input\":{\"@type\":\"PropertyValueSpecification\",\"valueRequired\":true,\"valueName\":\"search_term_string\"}}],\"inLanguage\":\"fr-FR\"},{\"@type\":\"Organization\",\"@id\":\"https:\/\/www.pariseavocats.com\/#organization\",\"name\":\"Parise Avocat\",\"url\":\"https:\/\/www.pariseavocats.com\/\",\"logo\":{\"@type\":\"ImageObject\",\"inLanguage\":\"fr-FR\",\"@id\":\"https:\/\/www.pariseavocats.com\/#\/schema\/logo\/image\/\",\"url\":\"https:\/\/www.pariseavocats.com\/wp-content\/uploads\/2017\/06\/LOGO-PARISE-AVOCAT.png\",\"contentUrl\":\"https:\/\/www.pariseavocats.com\/wp-content\/uploads\/2017\/06\/LOGO-PARISE-AVOCAT.png\",\"width\":2571,\"height\":344,\"caption\":\"Parise Avocat\"},\"image\":{\"@id\":\"https:\/\/www.pariseavocats.com\/#\/schema\/logo\/image\/\"}}]}<\/script>\n<!-- \/ Yoast SEO plugin. -->","yoast_head_json":{"title":"Investissement internationale et Finances | Parise Avocat","description":"Me Eugene Parise offre un produit innovant pour votre investissement internationale et la croissance de votre structure. Services-conseils strat\u00e9giques...","robots":{"index":"index","follow":"follow","max-snippet":"max-snippet:-1","max-image-preview":"max-image-preview:large","max-video-preview":"max-video-preview:-1"},"canonical":"https:\/\/www.pariseavocats.com\/index.php\/financial-services\/","og_locale":"fr_FR","og_type":"article","og_title":"Investissement internationale et Finances | Parise Avocat","og_description":"Me Eugene Parise offre un produit innovant pour votre investissement internationale et la croissance de votre structure. Services-conseils strat\u00e9giques...","og_url":"https:\/\/www.pariseavocats.com\/index.php\/financial-services\/","og_site_name":"Parise Avocats","article_modified_time":"2024-07-12T08:51:01+00:00","og_image":[{"url":"https:\/\/www.pariseavocats.com\/wp-content\/uploads\/2017\/06\/logoPFI-rouge.png","type":"","width":"","height":""}],"twitter_card":"summary_large_image","twitter_misc":{"Dur\u00e9e de lecture estim\u00e9e":"2 minutes"},"schema":{"@context":"https:\/\/schema.org","@graph":[{"@type":"WebPage","@id":"https:\/\/www.pariseavocats.com\/index.php\/financial-services\/","url":"https:\/\/www.pariseavocats.com\/index.php\/financial-services\/","name":"Investissement internationale et Finances | Parise Avocat","isPartOf":{"@id":"https:\/\/www.pariseavocats.com\/#website"},"primaryImageOfPage":{"@id":"https:\/\/www.pariseavocats.com\/index.php\/financial-services\/#primaryimage"},"image":{"@id":"https:\/\/www.pariseavocats.com\/index.php\/financial-services\/#primaryimage"},"thumbnailUrl":"https:\/\/www.pariseavocats.com\/wp-content\/uploads\/2017\/06\/logoPFI-rouge.png","datePublished":"2017-06-21T12:57:13+00:00","dateModified":"2024-07-12T08:51:01+00:00","description":"Me Eugene Parise offre un produit innovant pour votre investissement internationale et la croissance de votre structure. Services-conseils strat\u00e9giques...","breadcrumb":{"@id":"https:\/\/www.pariseavocats.com\/index.php\/financial-services\/#breadcrumb"},"inLanguage":"fr-FR","potentialAction":[{"@type":"ReadAction","target":["https:\/\/www.pariseavocats.com\/index.php\/financial-services\/"]}]},{"@type":"ImageObject","inLanguage":"fr-FR","@id":"https:\/\/www.pariseavocats.com\/index.php\/financial-services\/#primaryimage","url":"https:\/\/www.pariseavocats.com\/wp-content\/uploads\/2017\/06\/logoPFI-rouge.png","contentUrl":"https:\/\/www.pariseavocats.com\/wp-content\/uploads\/2017\/06\/logoPFI-rouge.png","width":349,"height":349},{"@type":"BreadcrumbList","@id":"https:\/\/www.pariseavocats.com\/index.php\/financial-services\/#breadcrumb","itemListElement":[{"@type":"ListItem","position":1,"name":"Accueil","item":"https:\/\/www.pariseavocats.com\/index.php\/en\/home\/"},{"@type":"ListItem","position":2,"name":"Financial Services"}]},{"@type":"WebSite","@id":"https:\/\/www.pariseavocats.com\/#website","url":"https:\/\/www.pariseavocats.com\/","name":"Parise Avocats","description":"","publisher":{"@id":"https:\/\/www.pariseavocats.com\/#organization"},"potentialAction":[{"@type":"SearchAction","target":{"@type":"EntryPoint","urlTemplate":"https:\/\/www.pariseavocats.com\/?s={search_term_string}"},"query-input":{"@type":"PropertyValueSpecification","valueRequired":true,"valueName":"search_term_string"}}],"inLanguage":"fr-FR"},{"@type":"Organization","@id":"https:\/\/www.pariseavocats.com\/#organization","name":"Parise Avocat","url":"https:\/\/www.pariseavocats.com\/","logo":{"@type":"ImageObject","inLanguage":"fr-FR","@id":"https:\/\/www.pariseavocats.com\/#\/schema\/logo\/image\/","url":"https:\/\/www.pariseavocats.com\/wp-content\/uploads\/2017\/06\/LOGO-PARISE-AVOCAT.png","contentUrl":"https:\/\/www.pariseavocats.com\/wp-content\/uploads\/2017\/06\/LOGO-PARISE-AVOCAT.png","width":2571,"height":344,"caption":"Parise Avocat"},"image":{"@id":"https:\/\/www.pariseavocats.com\/#\/schema\/logo\/image\/"}}]}},"_links":{"self":[{"href":"https:\/\/www.pariseavocats.com\/index.php\/wp-json\/wp\/v2\/pages\/2582"}],"collection":[{"href":"https:\/\/www.pariseavocats.com\/index.php\/wp-json\/wp\/v2\/pages"}],"about":[{"href":"https:\/\/www.pariseavocats.com\/index.php\/wp-json\/wp\/v2\/types\/page"}],"author":[{"embeddable":true,"href":"https:\/\/www.pariseavocats.com\/index.php\/wp-json\/wp\/v2\/users\/1"}],"replies":[{"embeddable":true,"href":"https:\/\/www.pariseavocats.com\/index.php\/wp-json\/wp\/v2\/comments?post=2582"}],"version-history":[{"count":32,"href":"https:\/\/www.pariseavocats.com\/index.php\/wp-json\/wp\/v2\/pages\/2582\/revisions"}],"predecessor-version":[{"id":3518,"href":"https:\/\/www.pariseavocats.com\/index.php\/wp-json\/wp\/v2\/pages\/2582\/revisions\/3518"}],"wp:attachment":[{"href":"https:\/\/www.pariseavocats.com\/index.php\/wp-json\/wp\/v2\/media?parent=2582"}],"curies":[{"name":"wp","href":"https:\/\/api.w.org\/{rel}","templated":true}]}}